{"id":11,"date":"2016-07-07T01:11:26","date_gmt":"2016-07-07T01:11:26","guid":{"rendered":"http:\/\/new.biketoursuruguay.com\/?page_id=11"},"modified":"2023-11-29T18:10:30","modified_gmt":"2023-11-29T18:10:30","slug":"tours","status":"publish","type":"page","link":"https:\/\/biketoursuruguay.com\/br\/tours\/","title":{"rendered":"Tours"},"content":{"rendered":"[mk_page_section bg_image=&#8221;http:\/\/new.biketoursuruguay.com\/wp-content\/uploads\/2016\/07\/pexels-photo-1.jpg&#8221; bg_color=&#8221;#b7b7b7&#8243; bg_position=&#8221;center center&#8221; bg_stretch=&#8221;true&#8221; video_loop=&#8221;false&#8221; video_mask=&#8221;true&#8221; video_color_mask=&#8221;#e0e0e0&#8243; video_opacity=&#8221;0.1&#8243; min_height=&#8221;0&#8243; full_width=&#8221;true&#8221; top_shape_color=&#8221;#ffffff&#8221; bottom_shape_color=&#8221;#ffffff&#8221; el_class=&#8221;header-title&#8221; sidebar=&#8221;sidebar-1&#8243;][vc_column][mk_fancy_title tag_name=&#8221;span&#8221; color=&#8221;#ffffff&#8221; size=&#8221;40&#8243; margin_top=&#8221;10&#8243; margin_bottom=&#8221;10&#8243; font_family=&#8221;none&#8221; align=&#8221;center&#8221; el_class=&#8221;fancy-title&#8221;]<strong style=\"color: white;\">NOSSOS TOURS<\/strong>[\/mk_fancy_title][mk_fancy_title tag_name=&#8221;span&#8221; color=&#8221;#ffffff&#8221; size=&#8221;20&#8243; margin_top=&#8221;10&#8243; margin_bottom=&#8221;10&#8243; font_family=&#8221;none&#8221; align=&#8221;center&#8221; el_class=&#8221;fancy-title2&#8243;]No Bike Tours nos empenhamos para oferecer-lhes os melhores servi\u00e7os e tours em Montevid\u00e9u, Punta del Este e outras regi\u00f5es do Uruguai.\u00a0Tanto para o turista que visita nossas cidades por um dia quanto para os amantes do ciclismo, h\u00e1 um tour especial para voc\u00ea.[\/mk_fancy_title][\/vc_column][\/mk_page_section][vc_row css=&#8221;.vc_custom_1593975056316{margin-top: 20px !important;border-top-width: 1px !important;border-right-width: 1px !important;border-bottom-width: 1px !important;border-left-width: 1px !important;background-color: #f9f9f9 !important;border-left-color: #d1d1d1 !important;border-right-color: #d1d1d1 !important;border-top-color: #d1d1d1 !important;border-bottom-color: #d1d1d1 !important;}&#8221;][vc_column][mk_padding_divider size=&#8221;20&#8243;][vc_row_inner][vc_column_inner width=&#8221;2\/3&#8243;][mk_image src=&#8221;https:\/\/biketoursuruguay.com\/wp-content\/uploads\/2020\/07\/coronavirus_pt.png&#8221; image_size=&#8221;full&#8221; link=&#8221;\/br\/coronavirus&#8221; el_class=&#8221;no-mobile&#8221;][mk_image src=&#8221;https:\/\/biketoursuruguay.com\/wp-content\/uploads\/2020\/07\/coronavirus-mobile_pt.png&#8221; image_size=&#8221;full&#8221; link=&#8221;\/br\/coronavirus&#8221; el_class=&#8221;mobile&#8221;][\/vc_column_inner][vc_column_inner width=&#8221;1\/3&#8243;][vc_column_text]<strong>Combatemos a pandemia de coronav\u00edrus juntos.<\/strong><br \/>\nNo Bike Tours Uruguay tomamos todas as medidas para evitar o COVID-19. <a href=\"https:\/\/biketoursuruguay.com\/br\/coronavirus\/\">Veja mais<\/a>.[\/vc_column_text][\/vc_column_inner][\/vc_row_inner][mk_padding_divider size=&#8221;20&#8243;][\/vc_column][\/vc_row][vc_row][vc_column][vc_raw_html]JTNDZGl2JTIwc3R5bGUlM0QlMjJ0ZXh0LWFsaWduJTNBcmlnaHQlM0JtYXJnaW4tdG9wJTNBMWVtJTNCJTIwbWFyZ2luLXJpZ2h0JTNBJTIwNTBweCUyMiUzRSUzQyUyRmRpdiUzRQ==[\/vc_raw_html][\/vc_column][\/vc_row][vc_row][vc_column][vc_raw_html]JTNDZGl2JTIwc3R5bGUlM0QlMjJmb250LXNpemUlM0ElMjAyMHB4JTNCJTIwZm9udC13ZWlnaHQlM0ElMjBib2xkJTNCdGV4dC1hbGlnbiUzQWNlbnRlciUzQiUyMGNvbG9yJTNBJTIwJTIzNzg3ODc4JTNCJTIwbWFyZ2luLWJvdHRvbSUzQSUyMDAuNWVtJTIyJTNFQ09NTyUyMEFQUk9WRUlUQVIlMjBPJTIwTSVDMyU4MVhJTU8lMjBET1MlMjBOT1NTT1MlMjBUT1VSUyUzRiUwQSUzQyUyRmRpdiUzRSUwQQ==[\/vc_raw_html][vc_row_inner][vc_column_inner width=&#8221;1\/3&#8243;][vc_raw_html]JTNDZGl2JTIwc3R5bGUlM0QlMjJmb250LXNpemUlM0ElMjAxNnB4JTNCJTIyJTNFJTNDc3BhbiUyMHN0eWxlJTNEJTIyZm9udC1zaXplJTNBJTIwMjBweCUzQiUyMiUyMGNsYXNzJTNEJTIydmNfaWNvbl9lbGVtZW50LWljb24lMjBmYSUyMGZhLXNlYXJjaCUyMiUzRSUzQyUyRnNwYW4lM0UlMjAlM0NzcGFuJTIwc3R5bGUlM0QlMjIlMjBmb250LXdlaWdodCUzQSUyMGJvbGQlMjIlM0VCVVNDQVIlM0MlMkZzcGFuJTNFJTNDYnIlM0UlM0NkaXYlMjBzdHlsZSUzRCUyMnBhZGRpbmctdG9wJTNBJTIwMC41ZW0lMjIlM0VIJUMzJUExJTIwdG91cnMlMjBwYXJhJTIwdG9kb3MuJTIwRW5jb250cmUlMjBhcXVlbGUlMjBxdWUlMjB2b2MlQzMlQUElMjBlc3QlQzMlQTElMjBwcm9jdXJhbmRvJTNDJTJGZGl2JTNFJTNDJTJGZGl2JTNFJTBB[\/vc_raw_html][\/vc_column_inner][vc_column_inner width=&#8221;1\/3&#8243;][vc_raw_html]JTNDZGl2JTIwc3R5bGUlM0QlMjJmb250LXNpemUlM0ElMjAxNnB4JTNCJTIyJTNFJTNDc3BhbiUyMHN0eWxlJTNEJTIyZm9udC1zaXplJTNBJTIwMjBweCUzQiUyMCUyMiUyMGNsYXNzJTNEJTIyJTIwdmNfaWNvbl9lbGVtZW50LWljb24lMjBmYSUyMGZhLWJvb2slMjIlM0UlM0MlMkZzcGFuJTNFJTIwJTNDc3BhbiUyMHN0eWxlJTNEJTIyJTIwZm9udC13ZWlnaHQlM0ElMjBib2xkJTIyJTNFUkVTRVJWRSUzQyUyRnNwYW4lM0UlM0NiciUzRSUzQ2RpdiUyMHN0eWxlJTNEJTIycGFkZGluZy10b3AlM0ElMjAwLjVlbSUyMiUzRUNvbSUyMGFudGVjZWQlQzMlQUFuY2lhJTIwZSUyMGNvbmZpcm1lJTIwc29icmUlMjBhJTIwZGlzcG9uaWJpbGlkYWRlJTNDJTJGZGl2JTNFJTNDJTJGZGl2JTNFJTBB[\/vc_raw_html][\/vc_column_inner][vc_column_inner width=&#8221;1\/3&#8243;][vc_raw_html]JTNDZGl2JTIwc3R5bGUlM0QlMjJmb250LXNpemUlM0ElMjAxNnB4JTNCJTIyJTNFJTNDc3BhbiUyMHN0eWxlJTNEJTIyZm9udC1zaXplJTNBJTIwMjBweCUzQiUyMiUyMGNsYXNzJTNEJTIydmNfaWNvbl9lbGVtZW50LWljb24lMjBmYSUyMGZhLXNtaWxlLW8lMjIlM0UlM0MlMkZzcGFuJTNFJTIwJTNDc3BhbiUyMHN0eWxlJTNEJTIyZm9udC13ZWlnaHQlM0ElMjBib2xkJTNCJTIwJTIyJTNFREVTRlJVVEUlMjBBTyUyME0lQzMlODFYSU1PJTIxJTNDJTJGc3BhbiUzRSUzQ2JyJTNFJTNDZGl2JTIwc3R5bGUlM0QlMjJwYWRkaW5nLXRvcCUzQSUyMDAuNWVtJTIyJTNFJUMzJTg5JTIwaG9yYSUyMGRlJTIwY29sb2NhciUyMG8lMjBjYXBhY2V0ZSUyMGUlMjBhJTIwdmVzdGltZW50YSUyMGUlMjBjdXJ0aXIlMjBvJTIwcGFzc2VpbyUyMGRlJTIwYmljaWNsZXRhJTNDJTJGZGl2JTNFJTNDJTJGZGl2JTNFJTBB[\/vc_raw_html][\/vc_column_inner][\/vc_row_inner][vc_raw_html]JTNDZGl2JTIwY2xhc3MlM0QlMjJlc3BhY2lvJTIyJTNFJTNDJTJGZGl2JTNF[\/vc_raw_html][\/vc_column][\/vc_row][mk_page_section bg_color=&#8221;#efefef&#8221; attachment=&#8221;fixed&#8221; video_loop=&#8221;false&#8221; padding_top=&#8221;50&#8243; padding_bottom=&#8221;0&#8243; has_top_shape_divider=&#8221;true&#8221; top_shape_color=&#8221;#ffffff&#8221; bottom_shape_color=&#8221;#ffffff&#8221; sidebar=&#8221;sidebar-1&#8243;][vc_column][vc_raw_html]JTNDZGl2JTIwY2xhc3MlM0QlMjJjb21lbnphciUyMiUyMHN0eWxlJTNEJTIycG9zaXRpb24lM0ElMjBhYnNvbHV0ZSUzQiUyMG1hcmdpbi1sZWZ0JTNBJTIwYXV0byUzQm1hcmdpbi1yaWdodCUzQSUyMGF1dG8lM0JsZWZ0JTNBJTIwMCUzQnJpZ2h0JTNBJTIwMCUzQmZvbnQtc2l6ZSUzQSUyMDIwcHglM0IlMjB0ZXh0LWFsaWduJTNBY2VudGVyJTNCJTIwY29sb3IlM0ElMjAlMjM3ODc4NzglM0IlMjIlM0VDT01FTkNFJTIwQUdPUkElMEElM0NkaXYlMjBzdHlsZSUzRCUyMnRleHQtYWxpZ24lM0ElMjBjZW50ZXIlMjIlM0UlM0NzcGFuJTIwc3R5bGUlM0QlMjJmb250LXNpemUlM0ElMjAyNHB4JTIyJTIwY2xhc3MlM0QlMjJ2Y19pY29uX2VsZW1lbnQtaWNvbiUyMGZhJTIwZmEtY2hldnJvbi1kb3duJTIyJTNFJTNDJTJGc3BhbiUzRSUzQyUyRmRpdiUzRSUwQSUzQyUyRmRpdiUzRSUwQQ==[\/vc_raw_html][vc_row_inner][vc_column_inner width=&#8221;5\/6&#8243;][vc_column_text]\n<p style=\"text-align: center; margin-bottom: 1em;\"><span style=\"text-align: center; font-weight: bold; font-size: 20px;\"><span style=\"font-size: 25px;\">\u00a0 \u00a0 \u00a0 \u00a0 \u00a0 \u00a0 \u00a0 \u00a0 \u00a0 ESCOLHA <\/span>UM TOUR. PAGAMENTOS ONLINE.<\/span><\/p>\n[\/vc_column_text][\/vc_column_inner][\/vc_row_inner][vc_row_inner][vc_column_inner][vc_raw_html]JTNDZGl2JTIwY2xhc3MlM0QlMjJjYXRlZ29yaWVzJTIyJTNFJTBBJTA5JTNDZGl2JTIwY2xhc3MlM0QlMjJjYXRlZ29yeSUyMGNhdGVnb3J5LW1vbnRldmlkZW8lMjIlM0UlM0NhJTIwaHJlZiUzRCUyMiUyRmJyJTJGdG91cnMlMkZ0b3Vycy1lbi1tb250ZXZpZGVvJTIyJTNFJTNDZGl2JTIwY2xhc3MlM0QlMjJ0ZXh0LWNhdGVnb3J5JTIyJTNFTW9udGV2aWRlbyUzQ2JyJTNFJTI2bmJzcCUzQiUzQyUyRmRpdiUzRSUzQyUyRmElM0UlM0MlMkZkaXYlM0UlMEElMDklM0NkaXYlMjBjbGFzcyUzRCUyMmNhdGVnb3J5JTIwY2F0ZWdvcnktcHVudGElMjIlM0UlM0NhJTIwaHJlZiUzRCUyMiUyRmJyJTJGdG91cnMlMkZ0b3Vycy1lbi1wdW50YS1kZWwtZXN0ZSUyMiUzRSUzQ2RpdiUyMGNsYXNzJTNEJTIydGV4dC1jYXRlZ29yeSUyMiUzRVB1bnRhJTIwZGVsJTIwRXN0ZSUzQ2JyJTNFJTI2bmJzcCUzQiUzQyUyRmRpdiUzRSUzQyUyRmElM0UlM0MlMkZkaXYlM0UlMEElMDklM0NkaXYlMjBjbGFzcyUzRCUyMmNhdGVnb3J5JTIwY2F0ZWdvcnktbGFyZ28lMjIlM0UlM0NhJTIwaHJlZiUzRCUyMiUyRmJyJTJGdG91cnMlMkZ0b3Vycy1sYXJnb3MlMjIlM0UlM0NkaXYlMjBjbGFzcyUzRCUyMnRleHQtY2F0ZWdvcnklMjIlM0VUb3VycyUzQ2JyJTNFTG9uZ29zJTNDJTJGZGl2JTNFJTNDJTJGYSUzRSUzQyUyRmRpdiUzRSUwQSUwOSUzQ2RpdiUyMGNsYXNzJTNEJTIyY2F0ZWdvcnklMjBjYXRlZ29yeS10ZW1hdGljbyUyMiUzRSUzQ2ElMjBocmVmJTNEJTIyJTJGYnIlMkZ0b3VycyUyRnRvdXJzLXRlbWF0aWNvcyUyMiUzRSUzQ2RpdiUyMGNsYXNzJTNEJTIydGV4dC1jYXRlZ29yeSUyMiUzRVRvdXJzJTNDYnIlM0VUZW0lQzMlQTF0aWNvcyUzQyUyRmRpdiUzRSUzQyUyRmElM0UlM0MlMkZkaXYlM0UlMEElMDklM0NkaXYlMjBjbGFzcyUzRCUyMmNhdGVnb3J5JTIwY2F0ZWdvcnktYWNjZXNpYmxlJTIyJTNFJTNDYSUyMGhyZWYlM0QlMjIlMkZiciUyRnRvdXJzJTJGdHVyaXNtby1hY2Nlc2libGUlMjIlM0UlM0NkaXYlMjBjbGFzcyUzRCUyMnRleHQtY2F0ZWdvcnklMjIlM0VUdXJpc21vJTNDYnIlM0VBY2NlcyVDMyVBRHZlbCUzQyUyRmRpdiUzRSUzQyUyRmElM0UlM0MlMkZkaXYlM0UlMEElM0MlMkZkaXYlM0U=[\/vc_raw_html][\/vc_column_inner][\/vc_row_inner][\/vc_column][\/mk_page_section][vc_row][vc_column][mk_padding_divider][mk_padding_divider][\/vc_column][\/vc_row][vc_row][vc_column][vc_column_text][\/vc_column_text][\/vc_column][\/vc_row][vc_row][vc_column width=&#8221;1\/4&#8243;][vc_raw_html el_class=&#8221;certificados&#8221;]JTNDZGl2JTIwaWQlM0QlMjJjZXJ0aWZpY2Fkby1wdW50YSUyMiUzRSUzQyUyRmRpdiUzRQ==[\/vc_raw_html][\/vc_column][vc_column width=&#8221;3\/4&#8243; el_class=&#8221;excellence&#8221;][vc_column_text]\n<p style=\"text-align: left;\"><span style=\"text-align: center; font-weight: bold; font-size: 20px; color: black;\">EXCEL\u00caNCIA EM TODOS OS NOSSOS TOURS<\/span><\/p>\n[\/vc_column_text][vc_column_text]\n<p style=\"text-align: left;\">Centenas de coment\u00e1rios com certificado de qualidade proporcionados pela TripAdvisor como melhor refer\u00eancia.<\/p>\n[\/vc_column_text][vc_raw_html]JTNDYSUyMGhyZWYlM0QlMjJodHRwcyUzQSUyRiUyRnd3dy50cmlwYWR2aXNvci5jb20lMkZBdHRyYWN0aW9uX1Jldmlldy1nMjk0MzIzLWQyNDAzMDIwLVJldmlld3MtQmlrZV9Ub3Vyc19Nb250ZXZpZGVvLU1vbnRldmlkZW9fTW9udGV2aWRlb19EZXBhcnRtZW50Lmh0bWwlMjIlMjB0YXJnZXQlM0QlMjJfYmxhbmslMjIlM0VMZWlhJTIwb3MlMjBjb21lbnQlQzMlQTFyaW9zJTIwZW0lMjBNb250ZXZpZCVDMyVBOXUlM0MlMkZhJTNFJTIwJTdDJTIwJTNDYSUyMHN0eWxlJTNEJTIyd2hpdGUtc3BhY2UlM0ElMjBub3dyYXAlMjIlMjBocmVmJTNEJTIyaHR0cHMlM0ElMkYlMkZ3d3cudHJpcGFkdmlzb3IuY29tJTJGQXR0cmFjdGlvbl9SZXZpZXctZzI5NDA2Ni1kMTk5OTM5NC1SZXZpZXdzLUJpa2VfVG91cnNfUHVudGFfZGVsX0VzdGUtUHVudGFfZGVsX0VzdGVfTWFsZG9uYWRvX0RlcGFydG1lbnQuaHRtbCUyMiUyMHRhcmdldCUzRCUyMl9ibGFuayUyMiUzRUxlaWElMjBvcyUyMGNvbWVudCVDMyVBMXJpb3MlMjBlbSUyMFB1bnRhJTIwZGVsJTIwRXN0ZSUzQyUyRmElM0U=[\/vc_raw_html][mk_padding_divider size=&#8221;20&#8243;][\/vc_column][\/vc_row][vc_row][vc_column][vc_column_text][\/vc_column_text][\/vc_column][\/vc_row][vc_row][vc_column][vc_column_text][\/vc_column_text][\/vc_column][\/vc_row][vc_row][vc_column][vc_column_text][\/vc_column_text][\/vc_column][\/vc_row]\n","protected":false},"excerpt":{"rendered":"<p>[mk_page_section bg_image=&#8221;http:\/\/new.biketoursuruguay.com\/wp-content\/uploads\/2016\/07\/pexels-photo-1.jpg&#8221; bg_color=&#8221;#b7b7b7&#8243; bg_position=&#8221;center center&#8221; bg_stretch=&#8221;true&#8221; video_loop=&#8221;false&#8221; video_mask=&#8221;true&#8221; video_color_mask=&#8221;#e0e0e0&#8243; video_opacity=&#8221;0.1&#8243; min_height=&#8221;0&#8243; full_width=&#8221;true&#8221; top_shape_color=&#8221;#ffffff&#8221; bottom_shape_color=&#8221;#ffffff&#8221; el_class=&#8221;header-title&#8221; sidebar=&#8221;sidebar-1&#8243;][vc_column][mk_fancy_title tag_name=&#8221;span&#8221; color=&#8221;#ffffff&#8221; size=&#8221;40&#8243; margin_top=&#8221;10&#8243; margin_bottom=&#8221;10&#8243; font_family=&#8221;none&#8221; align=&#8221;center&#8221; el_class=&#8221;fancy-title&#8221;]NOSSOS TOURS[\/mk_fancy_title][mk_fancy_title tag_name=&#8221;span&#8221; color=&#8221;#ffffff&#8221; size=&#8221;20&#8243; margin_top=&#8221;10&#8243; margin_bottom=&#8221;10&#8243; font_family=&#8221;none&#8221; align=&#8221;center&#8221; el_class=&#8221;fancy-title2&#8243;]No Bike Tours nos empenhamos para oferecer-lhes os melhores servi\u00e7os e tours em Montevid\u00e9u, Punta del Este e outras regi\u00f5es do Uruguai.\u00a0Tanto para [&hellip;]<\/p>\n","protected":false},"author":1,"featured_media":0,"parent":0,"menu_order":0,"comment_status":"closed","ping_status":"closed","template":"","meta":{"footnotes":""},"class_list":["post-11","page","type-page","status-publish","hentry"],"_links":{"self":[{"href":"https:\/\/biketoursuruguay.com\/br\/wp-json\/wp\/v2\/pages\/11","targetHints":{"allow":["GET"]}}],"collection":[{"href":"https:\/\/biketoursuruguay.com\/br\/wp-json\/wp\/v2\/pages"}],"about":[{"href":"https:\/\/biketoursuruguay.com\/br\/wp-json\/wp\/v2\/types\/page"}],"author":[{"embeddable":true,"href":"https:\/\/biketoursuruguay.com\/br\/wp-json\/wp\/v2\/users\/1"}],"replies":[{"embeddable":true,"href":"https:\/\/biketoursuruguay.com\/br\/wp-json\/wp\/v2\/comments?post=11"}],"version-history":[{"count":5,"href":"https:\/\/biketoursuruguay.com\/br\/wp-json\/wp\/v2\/pages\/11\/revisions"}],"predecessor-version":[{"id":6535,"href":"https:\/\/biketoursuruguay.com\/br\/wp-json\/wp\/v2\/pages\/11\/revisions\/6535"}],"wp:attachment":[{"href":"https:\/\/biketoursuruguay.com\/br\/wp-json\/wp\/v2\/media?parent=11"}],"curies":[{"name":"wp","href":"https:\/\/api.w.org\/{rel}","templated":true}]}}