{"id":15,"date":"2016-07-07T01:11:57","date_gmt":"2016-07-07T01:11:57","guid":{"rendered":"http:\/\/new.biketoursuruguay.com\/?page_id=15"},"modified":"2026-04-21T12:57:38","modified_gmt":"2026-04-21T12:57:38","slug":"nosotros","status":"publish","type":"page","link":"https:\/\/biketoursuruguay.com\/br\/nosotros\/","title":{"rendered":"Sobre n\u00f3s"},"content":{"rendered":"[mk_page_section bg_image=&#8221;http:\/\/new.biketoursuruguay.com\/wp-content\/uploads\/2016\/07\/rsz_bike-3.jpg&#8221; bg_color=&#8221;#666666&#8243; bg_position=&#8221;center center&#8221; bg_stretch=&#8221;true&#8221; video_loop=&#8221;false&#8221; video_mask=&#8221;true&#8221; video_color_mask=&#8221;#e0e0e0&#8243; video_opacity=&#8221;0.1&#8243; min_height=&#8221;0&#8243; full_width=&#8221;true&#8221; top_shape_color=&#8221;#ffffff&#8221; bottom_shape_color=&#8221;#ffffff&#8221; el_class=&#8221;header-title&#8221; sidebar=&#8221;sidebar-1&#8243;][vc_column][mk_fancy_title tag_name=&#8221;span&#8221; color=&#8221;#ffffff&#8221; size=&#8221;40&#8243; margin_top=&#8221;10&#8243; margin_bottom=&#8221;10&#8243; font_family=&#8221;none&#8221; align=&#8221;center&#8221; el_class=&#8221;fancy-title&#8221;]<strong style=\"color: white;\">SOBRE N\u00d3S<\/strong>[\/mk_fancy_title][mk_fancy_title tag_name=&#8221;span&#8221; color=&#8221;#ffffff&#8221; size=&#8221;20&#8243; margin_top=&#8221;10&#8243; margin_bottom=&#8221;10&#8243; font_family=&#8221;none&#8221; align=&#8221;center&#8221; el_class=&#8221;fancy-title2&#8243;]Nossa hist\u00f3ria e como n\u00f3s queremos que voc\u00ea seja parte desta experi\u00eancia.[\/mk_fancy_title][\/vc_column][\/mk_page_section][mk_page_section full_height=&#8221;true&#8221; top_shape_style=&#8221;jagged-top&#8221; top_shape_color=&#8221;#ffffff&#8221; bottom_shape_style=&#8221;jagged-bottom&#8221; bottom_shape_color=&#8221;#e5e5e5&#8243; bottom_shape_bg_color=&#8221;#ffffff&#8221; sidebar=&#8221;sidebar-1&#8243;][vc_column][mk_padding_divider][vc_row_inner][vc_column_inner][vc_single_image image=&#8221;3714&#8243; alignment=&#8221;center&#8221;][mk_padding_divider size=&#8221;20&#8243;][vc_column_text align=&#8221;center&#8221;]\n<div>\n<div style=\"font-size: 30px; font-weight: bold; margin-bottom: 0.5em;\">NOSSAS<\/div>\n<div style=\"font-size: 40px;\">ORIGENS<\/div>\n<\/div>\n[\/vc_column_text][mk_padding_divider][\/vc_column_inner][\/vc_row_inner][vc_column_text el_class=&#8221;justifyText&#8221;]Bike Tours come\u00e7ou sua atividade o <strong>15 de dezembro de 2010<\/strong> em <strong>Punta del Este<\/strong>. A procura de combinar minhas paix\u00f5es com o trabalho, fez que aparecesse esta id\u00e9ia: Ingl\u00eas-Esporte e oferecer Tours de bicicleta aos turistas dos cruzeiros.<\/p>\n<p>Casualmente esse dia estava chegando \u201cAidaca\u201d. Bike Tours Uruguay instalou-se para oferecer seus servi\u00e7os como \u201cprimeira\u201d experi\u00eancia.[\/vc_column_text][mk_padding_divider][\/vc_column][\/mk_page_section][mk_page_section border_color=&#8221;#e5e5e5&#8243; video_loop=&#8221;false&#8221; bg_gradient=&#8221;left_top&#8221; video_color_mask=&#8221;#1e73be&#8221; gr_end=&#8221;#28dbff&#8221; full_height=&#8221;true&#8221; top_shape_style=&#8221;jagged-top&#8221; top_shape_color=&#8221;#ffffff&#8221; bottom_shape_style=&#8221;jagged-bottom&#8221; bottom_shape_color=&#8221;#e5e5e5&#8243; bottom_shape_bg_color=&#8221;#e5e5e5&#8243; sidebar=&#8221;sidebar-1&#8243;][vc_column el_class=&#8221;justifyText&#8221;][mk_padding_divider][vc_single_image image=&#8221;3726&#8243; alignment=&#8221;center&#8221;][vc_column_text align=&#8221;center&#8221;]\n<div>\n<div style=\"font-size: 30px; color: white; font-weight: bold; margin-bottom: 0.5em;\">MEUS PRIMEIROS<\/div>\n<div style=\"color: white; font-size: 40px;\">TURISTAS<\/div>\n<\/div>\n[\/vc_column_text][vc_column_text disable_pattern=&#8221;false&#8221;]<span style=\"color: white;\"><br \/>\nPara nossa surpresa, imediatamente, chegou uma pessoa de apar\u00eancia importante pedindo informa\u00e7\u00e3o. Informamos sobre os nossos servi\u00e7os e logo aceitou junto com sua querida esposa. Eram Michael e Christel de Alemanha.<\/span><br \/>\n<span style=\"color: white;\"><br \/>\nDa\u00ed pra frente, foi tudo alegria para eles e para n\u00f3s. Como era o primeiro passeio dei de presente 1 Tour.<\/span><br \/>\n<span style=\"color: white;\"><br \/>\nFicaram t\u00e3o felizes que quiseram fazer outro passeio dos que oferecemos e foi a\u00ed quando chegamos ao Hotel L`Auberge que decidiram experimentar os wafles Belgas, ap\u00f3s minha sugest\u00e3o, e me convidaram a comer com eles.<\/span>[\/vc_column_text][mk_padding_divider][\/vc_column][\/mk_page_section][mk_page_section bg_color=&#8221;#ffffff&#8221; border_color=&#8221;#ffffff&#8221; full_height=&#8221;true&#8221; top_shape_style=&#8221;jagged-top&#8221; top_shape_color=&#8221;#ffffff&#8221; top_shape_bg_color=&#8221;#e5e5e5&#8243; bottom_shape_style=&#8221;speech-bottom&#8221; bottom_shape_color=&#8221;#e5e5e5&#8243; bottom_shape_bg_color=&#8221;#e5e5e5&#8243; sidebar=&#8221;sidebar-1&#8243;][vc_column][mk_padding_divider][vc_single_image image=&#8221;3949&#8243; img_size=&#8221;medium&#8221; alignment=&#8221;center&#8221;][vc_column_text]\n<p style=\"text-align: center;\">Meus primeiros turistas, Michael e Christel, em sua primeira visita em <strong>Dezembro 2010<\/strong><\/p>\n[\/vc_column_text][mk_padding_divider][vc_column_text align=&#8221;center&#8221;]\n<div>\n<div style=\"font-size: 40px; margin-bottom: 0.5em;\">MAIS QUE<\/div>\n<div style=\"font-size: 30px; font-weight: bold; margin-bottom: 0.5em;\">UM BIKE TOUR<\/div>\n<\/div>\n[\/vc_column_text][mk_padding_divider][vc_column_text el_class=&#8221;justifyText&#8221;]\n<p style=\"text-align: left;\">Passamos perto de 4 horas juntos. Momentos maravilhosos onde expressavam sua alegria e prazer pelo Tour, as bicicletas novas e a informa\u00e7\u00e3o dada. Eu ainda mais, por ter vivido minha primeira experi\u00eancia de um jeito t\u00e3o especial junto ao amor de Michael e Chris.<\/p>\n<p style=\"text-align: left;\">Sempre estar\u00e3o comigo como meu \u201cmomento especial\u201d e eles sabem disso. <a href=\"\/br\/bwg_gallery\/mis-primeros-turistas\/\">Esta galeria \u00e9 para eles<\/a>.<\/p>\n<p style=\"text-align: left;\"><i>Hoje 6 anos depois, continuamos em contato com eles, recebendo da sua parte o carinho e as fotos dos passeios em bicicleta em outras partes do Mundo.\u00a0<a href=\"\/br\/bwg_gallery\/mis-primeros-turistas-2016\/\">Estas s\u00e3o fotos de sua \u00faltima visita em Fevereiro 2016<\/a>.<\/i><\/p>\n[\/vc_column_text][mk_padding_divider][vc_single_image image=&#8221;3899&#8243; img_size=&#8221;medium&#8221; alignment=&#8221;center&#8221;][vc_column_text]\n<p style=\"text-align: center;\">Michael e Christel em seu retorno em <strong>Fevereiro 2016<\/strong><\/p>\n[\/vc_column_text][mk_padding_divider][\/vc_column][\/mk_page_section][mk_page_section border_color=&#8221;#e5e5e5&#8243; video_loop=&#8221;false&#8221; bg_gradient=&#8221;left_top&#8221; video_color_mask=&#8221;#3d8900&#8243; gr_end=&#8221;#81d742&#8243; full_height=&#8221;true&#8221; top_shape_style=&#8221;jagged-top&#8221; top_shape_color=&#8221;#ffffff&#8221; bottom_shape_style=&#8221;jagged-bottom&#8221; bottom_shape_color=&#8221;#e5e5e5&#8243; bottom_shape_bg_color=&#8221;#e5e5e5&#8243; sidebar=&#8221;sidebar-1&#8243;][vc_column el_class=&#8221;justifyText&#8221;][mk_padding_divider][vc_single_image image=&#8221;3768&#8243; alignment=&#8221;center&#8221;][vc_column_text align=&#8221;center&#8221;]\n<div>\n<div style=\"font-size: 40px; color: white; font-weight: bold; margin-bottom: 0.5em;\">VAMOS<\/div>\n<div style=\"font-size: 30px; color: white;\">POR MAIS<\/div>\n<\/div>\n[\/vc_column_text][mk_padding_divider][vc_row_inner][vc_column_inner width=&#8221;5\/6&#8243;][vc_column_text disable_pattern=&#8221;false&#8221; el_class=&#8221;justifyText&#8221;]<span style=\"color: white; font-weight: 400;\">Bike Tours Uruguay chegou na temporada 2010\/2011 para ficar e se expandir em propostas culturais, ecol\u00f3gicas e esportivas em todo o Uruguai. Nossas realiza\u00e7\u00f5es e metas s\u00e3o:<\/span><\/p>\n<p><span style=\"color: white;\"><b>+Ser<\/b> os primeiros em Atividades ao Ar livre em Punta del Este em receber a certifica\u00e7\u00e3o <b>Sal\u00e3o da fama<\/b>, por obter <b>5 anos consecutivos o Certificado de Excel\u00eancia em TripAdvisor<\/b>.<\/span><\/p>\n<p><span style=\"color: white;\"><b>+Aumentar<\/b> nossa oferta de passeios 50% em Punta del Este.<\/span><\/p>\n<p><span style=\"color: white;\"><b>+Iniciar<\/b> nossa proposta de <b>Tours Semanais<\/b> pelo litoral do Leste.<\/span><\/p>\n<p><span style=\"color: white;\"><b>+Ser parte<\/b> do Conglomerado do turismo, organismo de uni\u00e3o <b>p\u00fablico-privado<\/b> que abre as porta para propostas diferentes em conjunto com Museus de Montevideo.<\/span><\/p>\n<p><span style=\"color: white;\"><b>+Conseguir<\/b> parcerias estrat\u00e9gicas com Empresas locais e estrangeiras colocando a Bike Tours Uruguay como marca e modalidade de conhecer uma cidade de forma sustent\u00e1vel.<\/span>[\/vc_column_text][mk_padding_divider size=&#8221;20&#8243;][\/vc_column_inner][vc_column_inner width=&#8221;1\/6&#8243;][vc_single_image image=&#8221;3809&#8243; img_size=&#8221;154&#215;207&#8243; alignment=&#8221;center&#8221;][\/vc_column_inner][\/vc_row_inner][mk_padding_divider size=&#8221;20&#8243;][\/vc_column][\/mk_page_section][mk_page_section bg_color=&#8221;#ffffff&#8221; border_color=&#8221;#ffffff&#8221; full_height=&#8221;true&#8221; top_shape_style=&#8221;jagged-top&#8221; top_shape_color=&#8221;#ffffff&#8221; top_shape_bg_color=&#8221;#e5e5e5&#8243; bottom_shape_style=&#8221;speech-bottom&#8221; bottom_shape_color=&#8221;#e5e5e5&#8243; bottom_shape_bg_color=&#8221;#e5e5e5&#8243; sidebar=&#8221;sidebar-1&#8243;][vc_column][mk_padding_divider][vc_single_image image=&#8221;4345&#8243; img_size=&#8221;medium&#8221; alignment=&#8221;center&#8221;][mk_padding_divider][vc_column_text align=&#8221;center&#8221; el_class=&#8221;justifyText&#8221;]<b>BIke Tours Uruguay<\/b> est\u00e1! Nasceu para ser usado. Cuid\u00e1-lo.<\/p>\n<p><span style=\"font-weight: 400;\">Prof. Alicia Barbitta<\/span><br \/>\n<strong>Diretora<\/strong>[\/vc_column_text][mk_padding_divider][\/vc_column][\/mk_page_section]\n","protected":false},"excerpt":{"rendered":"<p>[mk_page_section bg_image=&#8221;http:\/\/new.biketoursuruguay.com\/wp-content\/uploads\/2016\/07\/rsz_bike-3.jpg&#8221; bg_color=&#8221;#666666&#8243; bg_position=&#8221;center center&#8221; bg_stretch=&#8221;true&#8221; video_loop=&#8221;false&#8221; video_mask=&#8221;true&#8221; video_color_mask=&#8221;#e0e0e0&#8243; video_opacity=&#8221;0.1&#8243; min_height=&#8221;0&#8243; full_width=&#8221;true&#8221; top_shape_color=&#8221;#ffffff&#8221; bottom_shape_color=&#8221;#ffffff&#8221; el_class=&#8221;header-title&#8221; sidebar=&#8221;sidebar-1&#8243;][vc_column][mk_fancy_title tag_name=&#8221;span&#8221; color=&#8221;#ffffff&#8221; size=&#8221;40&#8243; margin_top=&#8221;10&#8243; margin_bottom=&#8221;10&#8243; font_family=&#8221;none&#8221; align=&#8221;center&#8221; el_class=&#8221;fancy-title&#8221;]SOBRE N\u00d3S[\/mk_fancy_title][mk_fancy_title tag_name=&#8221;span&#8221; color=&#8221;#ffffff&#8221; size=&#8221;20&#8243; margin_top=&#8221;10&#8243; margin_bottom=&#8221;10&#8243; font_family=&#8221;none&#8221; align=&#8221;center&#8221; el_class=&#8221;fancy-title2&#8243;]Nossa hist\u00f3ria e como n\u00f3s queremos que voc\u00ea seja parte desta experi\u00eancia.[\/mk_fancy_title][\/vc_column][\/mk_page_section][mk_page_section full_height=&#8221;true&#8221; top_shape_style=&#8221;jagged-top&#8221; top_shape_color=&#8221;#ffffff&#8221; bottom_shape_style=&#8221;jagged-bottom&#8221; bottom_shape_color=&#8221;#e5e5e5&#8243; bottom_shape_bg_color=&#8221;#ffffff&#8221; sidebar=&#8221;sidebar-1&#8243;][vc_column][mk_padding_divider][vc_row_inner][vc_column_inner][vc_single_image image=&#8221;3714&#8243; alignment=&#8221;center&#8221;][mk_padding_divider size=&#8221;20&#8243;][vc_column_text align=&#8221;center&#8221;] [&hellip;]<\/p>\n","protected":false},"author":1,"featured_media":0,"parent":0,"menu_order":0,"comment_status":"closed","ping_status":"closed","template":"","meta":{"footnotes":""},"class_list":["post-15","page","type-page","status-publish","hentry"],"_links":{"self":[{"href":"https:\/\/biketoursuruguay.com\/br\/wp-json\/wp\/v2\/pages\/15","targetHints":{"allow":["GET"]}}],"collection":[{"href":"https:\/\/biketoursuruguay.com\/br\/wp-json\/wp\/v2\/pages"}],"about":[{"href":"https:\/\/biketoursuruguay.com\/br\/wp-json\/wp\/v2\/types\/page"}],"author":[{"embeddable":true,"href":"https:\/\/biketoursuruguay.com\/br\/wp-json\/wp\/v2\/users\/1"}],"replies":[{"embeddable":true,"href":"https:\/\/biketoursuruguay.com\/br\/wp-json\/wp\/v2\/comments?post=15"}],"version-history":[{"count":5,"href":"https:\/\/biketoursuruguay.com\/br\/wp-json\/wp\/v2\/pages\/15\/revisions"}],"predecessor-version":[{"id":6881,"href":"https:\/\/biketoursuruguay.com\/br\/wp-json\/wp\/v2\/pages\/15\/revisions\/6881"}],"wp:attachment":[{"href":"https:\/\/biketoursuruguay.com\/br\/wp-json\/wp\/v2\/media?parent=15"}],"curies":[{"name":"wp","href":"https:\/\/api.w.org\/{rel}","templated":true}]}}