{"id":2292,"date":"2016-08-21T17:49:14","date_gmt":"2016-08-21T17:49:14","guid":{"rendered":"http:\/\/new.biketoursuruguay.com\/?page_id=2292"},"modified":"2026-04-21T12:55:24","modified_gmt":"2026-04-21T12:55:24","slug":"deslinde-de-responsabilidad","status":"publish","type":"page","link":"https:\/\/biketoursuruguay.com\/br\/deslinde-de-responsabilidad\/","title":{"rendered":"Ren\u00fancia de responsabilidade"},"content":{"rendered":"[vc_row][vc_column][vc_column_text]Os organizadores informam aos participantes que o passeio de bicicleta que eles realizar\u00e3o \u00e9 uma atividade arriscada que pode causar ferimentos ou ferimentos, desde que o participante n\u00e3o tome as precau\u00e7\u00f5es necess\u00e1rias ou n\u00e3o obede\u00e7a \u00e0s recomenda\u00e7\u00f5es fornecidas pelo organizador.<\/p>\n<p><strong>O usu\u00e1rio concorda:<\/strong><\/p>\n<p>1) Que ele participa do Bike Tour voluntariamente, organizado no dia da sua reserva.<\/p>\n<p>2) Que ele foi instru\u00eddo na devida forma das condi\u00e7\u00f5es em que ser\u00e1 realizado, declarando que participar\u00e1 do Volunt\u00e1rio e que preenche as condi\u00e7\u00f5es f\u00edsicas e mentais necess\u00e1rias para participar do Bike Tour e foi instru\u00eddo sobre os protocolos relativos ao Covid-19, que ele concorda em respeitar durante o curso da turn\u00ea. Se voc\u00ea apresentar algum sintoma 10 dias ap\u00f3s a participa\u00e7\u00e3o, dever\u00e1 informar para info@biketoursuruguay.com<\/p>\n<p>3) Que foi indicado sobre a rota do Bike Tour, bem como as \u00e1reas geogr\u00e1ficas que ser\u00e3o cobertas ao longo do passeio.<\/p>\n<p>4) Exonera os organizadores do passeio de toda a responsabilidade derivada dos riscos do passeio, bem como dos danos causados durante o passeio, de qualquer natureza e \/ ou propriedade, causados \u00e0 sua pessoa ou propriedade ou a terceiros ou propriedade de terceiros devido \u00e0 sua participa\u00e7\u00e3o na turn\u00ea, durante e \/ ou como consequ\u00eancia.<\/p>\n<p>5) Uso da imagem: os participantes do Bike Tour aceitam a publica\u00e7\u00e3o de fotos em folhetos, brochuras e m\u00eddia promocional ou publicit\u00e1ria na Internet.<\/p>\n<p>6) Depois de ler este contrato de isen\u00e7\u00e3o de responsabilidade e envolvimento arriscado, entendo claramente todos os seus termos e lance o Bike Tour organizadores de todos os tipos de responsabilidade acima mencionados.<\/p>\n<p>7) Se ocorrer algum acidente ao andar de bicicleta e for danificado por minha neglig\u00eancia, assumirei o custo que ser\u00e1 calculado no momento. Valor m\u00e1ximo a ser calculado: U$S 500.[\/vc_column_text][\/vc_column][\/vc_row]\n","protected":false},"excerpt":{"rendered":"<p>[vc_row][vc_column][vc_column_text]Os organizadores informam aos participantes que o passeio de bicicleta que eles realizar\u00e3o \u00e9 uma atividade arriscada que pode causar ferimentos ou ferimentos, desde que o participante n\u00e3o tome as precau\u00e7\u00f5es necess\u00e1rias ou n\u00e3o obede\u00e7a \u00e0s recomenda\u00e7\u00f5es fornecidas pelo organizador. O usu\u00e1rio concorda: 1) Que ele participa do Bike Tour voluntariamente, organizado no dia da [&hellip;]<\/p>\n","protected":false},"author":1,"featured_media":0,"parent":0,"menu_order":0,"comment_status":"closed","ping_status":"closed","template":"","meta":{"footnotes":""},"class_list":["post-2292","page","type-page","status-publish","hentry"],"_links":{"self":[{"href":"https:\/\/biketoursuruguay.com\/br\/wp-json\/wp\/v2\/pages\/2292","targetHints":{"allow":["GET"]}}],"collection":[{"href":"https:\/\/biketoursuruguay.com\/br\/wp-json\/wp\/v2\/pages"}],"about":[{"href":"https:\/\/biketoursuruguay.com\/br\/wp-json\/wp\/v2\/types\/page"}],"author":[{"embeddable":true,"href":"https:\/\/biketoursuruguay.com\/br\/wp-json\/wp\/v2\/users\/1"}],"replies":[{"embeddable":true,"href":"https:\/\/biketoursuruguay.com\/br\/wp-json\/wp\/v2\/comments?post=2292"}],"version-history":[{"count":5,"href":"https:\/\/biketoursuruguay.com\/br\/wp-json\/wp\/v2\/pages\/2292\/revisions"}],"predecessor-version":[{"id":6869,"href":"https:\/\/biketoursuruguay.com\/br\/wp-json\/wp\/v2\/pages\/2292\/revisions\/6869"}],"wp:attachment":[{"href":"https:\/\/biketoursuruguay.com\/br\/wp-json\/wp\/v2\/media?parent=2292"}],"curies":[{"name":"wp","href":"https:\/\/api.w.org\/{rel}","templated":true}]}}