{"id":2886,"date":"2016-08-26T03:12:32","date_gmt":"2016-08-26T03:12:32","guid":{"rendered":"http:\/\/new.biketoursuruguay.com\/?page_id=2886"},"modified":"2026-04-21T12:56:35","modified_gmt":"2026-04-21T12:56:35","slug":"videos","status":"publish","type":"page","link":"https:\/\/biketoursuruguay.com\/br\/galeria\/videos\/","title":{"rendered":"V\u00eddeos"},"content":{"rendered":"[mk_page_section bg_image=&#8221;http:\/\/new.biketoursuruguay.com\/wp-content\/uploads\/2016\/08\/camera-photographer-yellow-photography.jpg&#8221; bg_color=&#8221;#666666&#8243; bg_position=&#8221;center center&#8221; bg_stretch=&#8221;true&#8221; video_loop=&#8221;false&#8221; video_mask=&#8221;true&#8221; video_color_mask=&#8221;#e0e0e0&#8243; video_opacity=&#8221;0.1&#8243; min_height=&#8221;0&#8243; full_width=&#8221;true&#8221; top_shape_color=&#8221;#ffffff&#8221; bottom_shape_color=&#8221;#ffffff&#8221; el_class=&#8221;header-title&#8221; sidebar=&#8221;sidebar-1&#8243;][vc_column][mk_fancy_title tag_name=&#8221;span&#8221; color=&#8221;#ffffff&#8221; size=&#8221;40&#8243; margin_top=&#8221;10&#8243; margin_bottom=&#8221;10&#8243; font_family=&#8221;none&#8221; align=&#8221;center&#8221; el_class=&#8221;fancy-title&#8221;]<strong style=\"color: white;\">GALERIA<\/strong>[\/mk_fancy_title][mk_fancy_title tag_name=&#8221;span&#8221; color=&#8221;#ffffff&#8221; size=&#8221;20&#8243; margin_top=&#8221;10&#8243; margin_bottom=&#8221;10&#8243; font_family=&#8221;none&#8221; align=&#8221;center&#8221; el_class=&#8221;fancy-title2&#8243;]Curta nossa galeria de fotos e v\u00eddeos. Voc\u00ea poder\u00e1 fazer parte dela da pr\u00f3xima vez.[\/mk_fancy_title][\/vc_column][\/mk_page_section][vc_row el_class=&#8221;galeria&#8221;][vc_column][mk_padding_divider][vc_column_text]\n<pre><code><div class=\"ytcshort ytccf\"><div class=\"youtubechannelgallery\"><div id=\"ytc-1\"><div id=\"ytc-wrapper\"><div class=\"ytc-pslb ytcplayer-wrapper\" style=\"width:100%;\">\r\n  <div class=\"embed-responsive embed-responsive-16by9\">\r\n    <iframe id=\"ytcplayer1\" class=\"ytcplayer\" allowfullscreen src=\"https:\/\/www.youtube.com\/embed\/OR69w7eKduU?version=3&theme=dark&color=red&modestbranding=&rel=0&showinfo=0&enablejsapi=1&wmode=transparent\" frameborder=\"0\"><\/iframe>\r\n  <\/div>\r\n<\/div>\r\n<div class=\"ytc-pslb ytc-thumbnails container-fluid ytc-thumb16x9 ytc-thumb-align-none\">\n\n\t<div class=\"ytc-row row\">\n\n\t\t    \t\n    \n\t\t<div class=\"ytc-column col-xs-6 col-sm-3 col-md-3 col-lg-3\">\n\t\t\t\t<div class=\"ytcthumb-cont \">\n  <a class=\"ytcthumb ytclink\" href=\"https:\/\/www.youtube.com\/watch?v=OR69w7eKduU\" data-playerid=\"ytcplayer1\" data-quality=\"medium\" title=\"02\/01 Bike Tour Uruguay - Montevideo.\" style=\"background-image:url(https:\/\/i.ytimg.com\/vi\/OR69w7eKduU\/mqdefault.jpg);\"  >\n        <div class=\"ytcplay\"><\/div>\n  <\/a>\n  <\/div>\n\n<h5 class=\"ytctitle\">\n\t  \t\t<a class=\"ytclink\" href=\"https:\/\/www.youtube.com\/watch?v=OR69w7eKduU\" data-playerid=\"ytcplayer1\" data-quality=\"medium\" alt=\"02\/01 Bike Tour Uruguay - Montevideo.\" title=\"02\/01 Bike Tour Uruguay - Montevideo.\"  >\n\t  \t\t\t02\/01 Bike Tour Uruguay - Montevideo.\t\t\t<\/a>\n\t<\/h5>\t\t<\/div>     \t\n\t\t\t\t\n    \n\t\t<div class=\"ytc-column col-xs-6 col-sm-3 col-md-3 col-lg-3\">\n\t\t\t\t<div class=\"ytcthumb-cont \">\n  <a class=\"ytcthumb ytclink\" href=\"https:\/\/www.youtube.com\/watch?v=B5gTklQi7cU\" data-playerid=\"ytcplayer1\" data-quality=\"medium\" title=\"28\/12 Bike Tour Uruguay - Montevideo.\" style=\"background-image:url(https:\/\/i.ytimg.com\/vi\/B5gTklQi7cU\/mqdefault.jpg);\"  >\n        <div class=\"ytcplay\"><\/div>\n  <\/a>\n  <\/div>\n\n<h5 class=\"ytctitle\">\n\t  \t\t<a class=\"ytclink\" href=\"https:\/\/www.youtube.com\/watch?v=B5gTklQi7cU\" data-playerid=\"ytcplayer1\" data-quality=\"medium\" alt=\"28\/12 Bike Tour Uruguay - Montevideo.\" title=\"28\/12 Bike Tour Uruguay - Montevideo.\"  >\n\t  \t\t\t28\/12 Bike Tour Uruguay - Montevideo.\t\t\t<\/a>\n\t<\/h5>\t\t<\/div>     \t<div class=\"clearfix visible-xs-block\"><\/div>\n\t\t\t\t\n    \n\t\t<div class=\"ytc-column col-xs-6 col-sm-3 col-md-3 col-lg-3\">\n\t\t\t\t<div class=\"ytcthumb-cont \">\n  <a class=\"ytcthumb ytclink\" href=\"https:\/\/www.youtube.com\/watch?v=Mj9rbsrIYhg\" data-playerid=\"ytcplayer1\" data-quality=\"medium\" title=\"Bike Tours Uruguay en Punta del Este -29.12.2014\" style=\"background-image:url(https:\/\/i.ytimg.com\/vi\/Mj9rbsrIYhg\/mqdefault.jpg);\"  >\n        <div class=\"ytcplay\"><\/div>\n  <\/a>\n  <\/div>\n\n<h5 class=\"ytctitle\">\n\t  \t\t<a class=\"ytclink\" href=\"https:\/\/www.youtube.com\/watch?v=Mj9rbsrIYhg\" data-playerid=\"ytcplayer1\" data-quality=\"medium\" alt=\"Bike Tours Uruguay en Punta del Este -29.12.2014\" title=\"Bike Tours Uruguay en Punta del Este -29.12.2014\"  >\n\t  \t\t\tBike Tours Uruguay en Punta del Este -29.12.2014\t\t\t<\/a>\n\t<\/h5>\t\t<\/div>     \t\n\t\t\t\t\n    \n\t\t<div class=\"ytc-column col-xs-6 col-sm-3 col-md-3 col-lg-3\">\n\t\t\t\t<div class=\"ytcthumb-cont \">\n  <a class=\"ytcthumb ytclink\" href=\"https:\/\/www.youtube.com\/watch?v=ODocHckhkrU\" data-playerid=\"ytcplayer1\" data-quality=\"medium\" title=\"Bike Tours. Recopilaci\u00f3n Museos 2014\" style=\"background-image:url(https:\/\/i.ytimg.com\/vi\/ODocHckhkrU\/mqdefault.jpg);\"  >\n        <div class=\"ytcplay\"><\/div>\n  <\/a>\n  <\/div>\n\n<h5 class=\"ytctitle\">\n\t  \t\t<a class=\"ytclink\" href=\"https:\/\/www.youtube.com\/watch?v=ODocHckhkrU\" data-playerid=\"ytcplayer1\" data-quality=\"medium\" alt=\"Bike Tours. Recopilaci\u00f3n Museos 2014\" title=\"Bike Tours. Recopilaci\u00f3n Museos 2014\"  >\n\t  \t\t\tBike Tours. Recopilaci\u00f3n Museos 2014\t\t\t<\/a>\n\t<\/h5>\t\t<\/div>     \t<div class=\"clearfix visible-xs-block visible-sm-block visible-md-block visible-lg-block\"><\/div>\n\t\t\t\t\n    \n\t\t<div class=\"ytc-column col-xs-6 col-sm-3 col-md-3 col-lg-3\">\n\t\t\t\t<div class=\"ytcthumb-cont \">\n  <a class=\"ytcthumb ytclink\" href=\"https:\/\/www.youtube.com\/watch?v=yQT8f8eIF7Q\" data-playerid=\"ytcplayer1\" data-quality=\"medium\" title=\"Bike Tours Uruguay - Museos y Punta 2014\" style=\"background-image:url(https:\/\/i.ytimg.com\/vi\/yQT8f8eIF7Q\/mqdefault.jpg);\"  >\n        <div class=\"ytcplay\"><\/div>\n  <\/a>\n  <\/div>\n\n<h5 class=\"ytctitle\">\n\t  \t\t<a class=\"ytclink\" href=\"https:\/\/www.youtube.com\/watch?v=yQT8f8eIF7Q\" data-playerid=\"ytcplayer1\" data-quality=\"medium\" alt=\"Bike Tours Uruguay - Museos y Punta 2014\" title=\"Bike Tours Uruguay - Museos y Punta 2014\"  >\n\t  \t\t\tBike Tours Uruguay - Museos y Punta 2014\t\t\t<\/a>\n\t<\/h5>\t\t<\/div>     \t\n\t\t\t\t\n\t<\/div> \n\t\t\t\t<div class=\"ytc-pagination row\">\n\t\t\t<div class=\"col-xs-4 ytc-previous\">\n\t\t\t\t\t\t\t<\/div>\n\t\t\t<div class=\"col-xs-4 ytc-numeration\">\n\t\t\t\t<div class=\"ytc-numeration-inner\">\n\t\t\t\t\t\t\t\t\t\t<span class=\"ytc-currentpage\">1<\/span><span class=\"ytc-separator\">\/<\/span><span class=\"ytc-totalpages\">1<\/span>\n\t\t\t\t<\/div>\n\t\t\t<\/div>\n\t\t\t<div class=\"col-xs-4 ytc-next\">\n\t\t\t\t\t\t\t<\/div>\n\t\t<\/div>\n\t\n<\/div> \n\n<div class=\"ytc-pslb ytc-links container-fluid\">\n\t<div class=\"ytc-row row\">\n\t\t\t\t\t<div class=\"ytc-promotion col-xs-5\">\n\t\t\t\t<a href=\"http:\/\/poselab.com\" target=\"_blank\">\n\t\t\t\t\t<em>\n\t\t\t\t\t\tpor PoseLab, Traduzido por Diego Fran\u00e7a\t\t\t\t\t<\/em>\n\t\t\t\t<\/a>\n\t\t\t<\/div>\n\t\t\n\t\t\t\t\t<div class=\"ytc-youtubelink col-xs-7\">\n\t\t\t\t<a href=\"https:\/\/www.youtube.com\/playlist?list=UUAMzvYTHhh0sNQ1C23ieZPg\" class=\"ytcmore\" >\n\t\t\t\t\tVer mais v\u00eddeos\u00bb\t\t\t\t<\/a>\n\t\t\t<\/div>\n\t\t\t<\/div>\n<\/div>\n\n<\/div><\/div><\/div><\/div><\/code><\/pre>\n[\/vc_column_text][\/vc_column][\/vc_row][vc_row][vc_column][vc_raw_js]JTNDc2NyaXB0JTIwdHlwZSUzRCUyMnRleHQlMkZqYXZhc2NyaXB0JTIyJTNFalF1ZXJ5JTI4JTIyLnl0Yy1wcm9tb3Rpb24uY29sLXhzLTUlMjIlMjkuaGlkZSUyOCUyOSUzQiUzQyUyRnNjcmlwdCUzRQ==[\/vc_raw_js][\/vc_column][\/vc_row]\n","protected":false},"excerpt":{"rendered":"<p>[mk_page_section bg_image=&#8221;http:\/\/new.biketoursuruguay.com\/wp-content\/uploads\/2016\/08\/camera-photographer-yellow-photography.jpg&#8221; bg_color=&#8221;#666666&#8243; bg_position=&#8221;center center&#8221; bg_stretch=&#8221;true&#8221; video_loop=&#8221;false&#8221; video_mask=&#8221;true&#8221; video_color_mask=&#8221;#e0e0e0&#8243; video_opacity=&#8221;0.1&#8243; min_height=&#8221;0&#8243; full_width=&#8221;true&#8221; top_shape_color=&#8221;#ffffff&#8221; bottom_shape_color=&#8221;#ffffff&#8221; el_class=&#8221;header-title&#8221; sidebar=&#8221;sidebar-1&#8243;][vc_column][mk_fancy_title tag_name=&#8221;span&#8221; color=&#8221;#ffffff&#8221; size=&#8221;40&#8243; margin_top=&#8221;10&#8243; margin_bottom=&#8221;10&#8243; font_family=&#8221;none&#8221; align=&#8221;center&#8221; el_class=&#8221;fancy-title&#8221;]GALERIA[\/mk_fancy_title][mk_fancy_title tag_name=&#8221;span&#8221; color=&#8221;#ffffff&#8221; size=&#8221;20&#8243; margin_top=&#8221;10&#8243; margin_bottom=&#8221;10&#8243; font_family=&#8221;none&#8221; align=&#8221;center&#8221; el_class=&#8221;fancy-title2&#8243;]Curta nossa galeria de fotos e v\u00eddeos. Voc\u00ea poder\u00e1 fazer parte dela da pr\u00f3xima vez.[\/mk_fancy_title][\/vc_column][\/mk_page_section][vc_row el_class=&#8221;galeria&#8221;][vc_column][mk_padding_divider][vc_column_text] [\/vc_column_text][\/vc_column][\/vc_row][vc_row][vc_column][vc_raw_js]JTNDc2NyaXB0JTIwdHlwZSUzRCUyMnRleHQlMkZqYXZhc2NyaXB0JTIyJTNFalF1ZXJ5JTI4JTIyLnl0Yy1wcm9tb3Rpb24uY29sLXhzLTUlMjIlMjkuaGlkZSUyOCUyOSUzQiUzQyUyRnNjcmlwdCUzRQ==[\/vc_raw_js][\/vc_column][\/vc_row]<\/p>\n","protected":false},"author":1,"featured_media":0,"parent":13,"menu_order":0,"comment_status":"closed","ping_status":"closed","template":"","meta":{"footnotes":""},"class_list":["post-2886","page","type-page","status-publish","hentry"],"_links":{"self":[{"href":"https:\/\/biketoursuruguay.com\/br\/wp-json\/wp\/v2\/pages\/2886","targetHints":{"allow":["GET"]}}],"collection":[{"href":"https:\/\/biketoursuruguay.com\/br\/wp-json\/wp\/v2\/pages"}],"about":[{"href":"https:\/\/biketoursuruguay.com\/br\/wp-json\/wp\/v2\/types\/page"}],"author":[{"embeddable":true,"href":"https:\/\/biketoursuruguay.com\/br\/wp-json\/wp\/v2\/users\/1"}],"replies":[{"embeddable":true,"href":"https:\/\/biketoursuruguay.com\/br\/wp-json\/wp\/v2\/comments?post=2886"}],"version-history":[{"count":5,"href":"https:\/\/biketoursuruguay.com\/br\/wp-json\/wp\/v2\/pages\/2886\/revisions"}],"predecessor-version":[{"id":6875,"href":"https:\/\/biketoursuruguay.com\/br\/wp-json\/wp\/v2\/pages\/2886\/revisions\/6875"}],"up":[{"embeddable":true,"href":"https:\/\/biketoursuruguay.com\/br\/wp-json\/wp\/v2\/pages\/13"}],"wp:attachment":[{"href":"https:\/\/biketoursuruguay.com\/br\/wp-json\/wp\/v2\/media?parent=2886"}],"curies":[{"name":"wp","href":"https:\/\/api.w.org\/{rel}","templated":true}]}}