{"id":371,"date":"2016-07-12T23:32:17","date_gmt":"2016-07-12T23:32:17","guid":{"rendered":"http:\/\/new.biketoursuruguay.com\/?page_id=371"},"modified":"2026-04-21T12:54:34","modified_gmt":"2026-04-21T12:54:34","slug":"consejos","status":"publish","type":"page","link":"https:\/\/biketoursuruguay.com\/br\/consejos\/","title":{"rendered":"Dicas"},"content":{"rendered":"[mk_page_section bg_image=&#8221;http:\/\/new.biketoursuruguay.com\/wp-content\/uploads\/2016\/07\/manillar.jpeg&#8221; bg_color=&#8221;#666666&#8243; bg_position=&#8221;center center&#8221; bg_stretch=&#8221;true&#8221; video_loop=&#8221;false&#8221; video_mask=&#8221;true&#8221; video_color_mask=&#8221;#e0e0e0&#8243; video_opacity=&#8221;0.1&#8243; min_height=&#8221;0&#8243; full_width=&#8221;true&#8221; top_shape_color=&#8221;#ffffff&#8221; bottom_shape_color=&#8221;#ffffff&#8221; el_class=&#8221;header-title&#8221; sidebar=&#8221;sidebar-1&#8243;][vc_column][mk_fancy_title tag_name=&#8221;span&#8221; color=&#8221;#ffffff&#8221; size=&#8221;40&#8243; margin_top=&#8221;10&#8243; margin_bottom=&#8221;10&#8243; font_family=&#8221;none&#8221; align=&#8221;center&#8221; el_class=&#8221;fancy-title&#8221;]<strong style=\"color: white;\">DICAS<\/strong>[\/mk_fancy_title][mk_fancy_title tag_name=&#8221;span&#8221; color=&#8221;#ffffff&#8221; size=&#8221;20&#8243; margin_top=&#8221;10&#8243; margin_bottom=&#8221;10&#8243; font_family=&#8221;none&#8221; align=&#8221;center&#8221; el_class=&#8221;fancy-title2&#8243;]Quando contratar nossos tours, por favor, siga as dicas para que sua experi\u00eancia seja inesquec\u00edvel.[\/mk_fancy_title][\/vc_column][\/mk_page_section][vc_row][vc_column][mk_padding_divider][\/vc_column][\/vc_row][vc_row][vc_column][vc_column_text margin_bottom=&#8221;21&#8243;]<span style=\"font-size: 20px; font-weight: bold;\">Recomenda-se<\/span>[\/vc_column_text][\/vc_column][\/vc_row][vc_row][vc_column width=&#8221;1\/3&#8243;][vc_single_image image=&#8221;2587&#8243; img_size=&#8221;128&#215;128&#8243; alignment=&#8221;center&#8221;][vc_column_text align=&#8221;center&#8221; margin_bottom=&#8221;21&#8243;]<span style=\"font-size: 15px; font-weight: bold;\">Reserve com anteced\u00eancia<\/span>[\/vc_column_text][\/vc_column][vc_column width=&#8221;1\/3&#8243;][vc_single_image image=&#8221;2544&#8243; img_size=&#8221;128&#215;128&#8243; alignment=&#8221;center&#8221;][vc_column_text align=&#8221;center&#8221; margin_bottom=&#8221;21&#8243;]<span style=\"font-size: 15px; font-weight: bold;\">Roupas e sapatos confort\u00e1veis<\/span>[\/vc_column_text][\/vc_column][vc_column width=&#8221;1\/3&#8243;][vc_single_image image=&#8221;2589&#8243; img_size=&#8221;230&#215;128&#8243; alignment=&#8221;center&#8221;][vc_column_text align=&#8221;center&#8221; margin_bottom=&#8221;21&#8243;]<span style=\"font-size: 15px; font-weight: bold;\">Protetor solar no ver\u00e3o<\/span>[\/vc_column_text][\/vc_column][\/vc_row][vc_row][vc_column width=&#8221;1\/3&#8243;][vc_single_image image=&#8221;2552&#8243; img_size=&#8221;128&#215;128&#8243; alignment=&#8221;center&#8221;][vc_column_text align=&#8221;center&#8221; margin_bottom=&#8221;21&#8243;]<span style=\"font-size: 15px; font-weight: bold;\">Ter habilidade para andar de bicicleta em grupos ( n\u00e3o afastar-se muito e manter a dist\u00e2ncia necess\u00e1ria para prevenir acidentes por freadas repentinas,etc.)<\/span>[\/vc_column_text][\/vc_column][vc_column width=&#8221;1\/3&#8243;][vc_single_image image=&#8221;2554&#8243; img_size=&#8221;128&#215;128&#8243; alignment=&#8221;center&#8221;][vc_column_text align=&#8221;center&#8221; margin_bottom=&#8221;21&#8243;]<span style=\"font-size: 15px; font-weight: bold;\">Ter reflexos \u00e1geis perante determinadas situa\u00e7\u00f5es<\/span>[\/vc_column_text][\/vc_column][vc_column width=&#8221;1\/3&#8243;][vc_single_image image=&#8221;2559&#8243; img_size=&#8221;128&#215;128&#8243; alignment=&#8221;center&#8221;][vc_column_text align=&#8221;center&#8221; margin_bottom=&#8221;21&#8243;]<span style=\"font-size: 15px; font-weight: bold;\">N\u00e3o beber \u00e1gua enquanto estiver pedalando para n\u00e3o perder o equil\u00edbrio<\/span>[\/vc_column_text][\/vc_column][\/vc_row]\n","protected":false},"excerpt":{"rendered":"<p>[mk_page_section bg_image=&#8221;http:\/\/new.biketoursuruguay.com\/wp-content\/uploads\/2016\/07\/manillar.jpeg&#8221; bg_color=&#8221;#666666&#8243; bg_position=&#8221;center center&#8221; bg_stretch=&#8221;true&#8221; video_loop=&#8221;false&#8221; video_mask=&#8221;true&#8221; video_color_mask=&#8221;#e0e0e0&#8243; video_opacity=&#8221;0.1&#8243; min_height=&#8221;0&#8243; full_width=&#8221;true&#8221; top_shape_color=&#8221;#ffffff&#8221; bottom_shape_color=&#8221;#ffffff&#8221; el_class=&#8221;header-title&#8221; sidebar=&#8221;sidebar-1&#8243;][vc_column][mk_fancy_title tag_name=&#8221;span&#8221; color=&#8221;#ffffff&#8221; size=&#8221;40&#8243; margin_top=&#8221;10&#8243; margin_bottom=&#8221;10&#8243; font_family=&#8221;none&#8221; align=&#8221;center&#8221; el_class=&#8221;fancy-title&#8221;]DICAS[\/mk_fancy_title][mk_fancy_title tag_name=&#8221;span&#8221; color=&#8221;#ffffff&#8221; size=&#8221;20&#8243; margin_top=&#8221;10&#8243; margin_bottom=&#8221;10&#8243; font_family=&#8221;none&#8221; align=&#8221;center&#8221; el_class=&#8221;fancy-title2&#8243;]Quando contratar nossos tours, por favor, siga as dicas para que sua experi\u00eancia seja inesquec\u00edvel.[\/mk_fancy_title][\/vc_column][\/mk_page_section][vc_row][vc_column][mk_padding_divider][\/vc_column][\/vc_row][vc_row][vc_column][vc_column_text margin_bottom=&#8221;21&#8243;]Recomenda-se[\/vc_column_text][\/vc_column][\/vc_row][vc_row][vc_column width=&#8221;1\/3&#8243;][vc_single_image image=&#8221;2587&#8243; img_size=&#8221;128&#215;128&#8243; alignment=&#8221;center&#8221;][vc_column_text align=&#8221;center&#8221; margin_bottom=&#8221;21&#8243;]Reserve com anteced\u00eancia[\/vc_column_text][\/vc_column][vc_column [&hellip;]<\/p>\n","protected":false},"author":2,"featured_media":0,"parent":0,"menu_order":0,"comment_status":"closed","ping_status":"closed","template":"","meta":{"footnotes":""},"class_list":["post-371","page","type-page","status-publish","hentry"],"_links":{"self":[{"href":"https:\/\/biketoursuruguay.com\/br\/wp-json\/wp\/v2\/pages\/371","targetHints":{"allow":["GET"]}}],"collection":[{"href":"https:\/\/biketoursuruguay.com\/br\/wp-json\/wp\/v2\/pages"}],"about":[{"href":"https:\/\/biketoursuruguay.com\/br\/wp-json\/wp\/v2\/types\/page"}],"author":[{"embeddable":true,"href":"https:\/\/biketoursuruguay.com\/br\/wp-json\/wp\/v2\/users\/2"}],"replies":[{"embeddable":true,"href":"https:\/\/biketoursuruguay.com\/br\/wp-json\/wp\/v2\/comments?post=371"}],"version-history":[{"count":5,"href":"https:\/\/biketoursuruguay.com\/br\/wp-json\/wp\/v2\/pages\/371\/revisions"}],"predecessor-version":[{"id":6865,"href":"https:\/\/biketoursuruguay.com\/br\/wp-json\/wp\/v2\/pages\/371\/revisions\/6865"}],"wp:attachment":[{"href":"https:\/\/biketoursuruguay.com\/br\/wp-json\/wp\/v2\/media?parent=371"}],"curies":[{"name":"wp","href":"https:\/\/api.w.org\/{rel}","templated":true}]}}