{"id":4919,"date":"2019-12-01T12:22:04","date_gmt":"2019-12-01T12:22:04","guid":{"rendered":"https:\/\/biketoursuruguay.com\/?page_id=4919"},"modified":"2021-11-29T18:23:12","modified_gmt":"2021-11-29T18:23:12","slug":"turismo-accesible","status":"publish","type":"page","link":"https:\/\/biketoursuruguay.com\/br\/tours\/turismo-accesible\/","title":{"rendered":"Turismo Acces\u00edvel"},"content":{"rendered":"[mk_page_section bg_image=&#8221;https:\/\/biketoursuruguay.com\/wp-content\/uploads\/2019\/12\/accesibleTitulo.jpg&#8221; bg_color=&#8221;#b7b7b7&#8243; bg_position=&#8221;center center&#8221; bg_stretch=&#8221;true&#8221; video_loop=&#8221;false&#8221; video_mask=&#8221;true&#8221; video_color_mask=&#8221;#e0e0e0&#8243; video_opacity=&#8221;0.1&#8243; min_height=&#8221;0&#8243; full_width=&#8221;true&#8221; padding_top=&#8221;0&#8243; padding_bottom=&#8221;0&#8243; top_shape_color=&#8221;#ffffff&#8221; bottom_shape_color=&#8221;#ffffff&#8221; el_class=&#8221;header-title&#8221; sidebar=&#8221;sidebar-1&#8243;][vc_column][mk_fancy_title tag_name=&#8221;span&#8221; color=&#8221;#ffffff&#8221; size=&#8221;30&#8243; margin_top=&#8221;10&#8243; margin_bottom=&#8221;10&#8243; font_family=&#8221;none&#8221; align=&#8221;center&#8221; el_class=&#8221;fancy-title&#8221;]<strong style=\"color: white;\">TURISMO<\/strong><\/p>\n<p><strong style=\"color: white;\">ACCES\u00cdVEL<\/strong>[\/mk_fancy_title][mk_fancy_title tag_name=&#8221;span&#8221; color=&#8221;#ffffff&#8221; size=&#8221;20&#8243; margin_top=&#8221;10&#8243; margin_bottom=&#8221;0&#8243; font_family=&#8221;none&#8221; align=&#8221;center&#8221; el_class=&#8221;fancy-title2&#8243;]Punta del Este &#8211; com o vento na sua cara! Experimente a beleza, o ar puro e a natureza que a cidade nos oferece com sua fam\u00edlia.[\/mk_fancy_title][\/vc_column][\/mk_page_section][vc_row css=&#8221;.vc_custom_1593975056316{margin-top: 20px !important;border-top-width: 1px !important;border-right-width: 1px !important;border-bottom-width: 1px !important;border-left-width: 1px !important;background-color: #f9f9f9 !important;border-left-color: #d1d1d1 !important;border-right-color: #d1d1d1 !important;border-top-color: #d1d1d1 !important;border-bottom-color: #d1d1d1 !important;}&#8221;][vc_column][mk_padding_divider size=&#8221;20&#8243;][vc_row_inner][vc_column_inner width=&#8221;2\/3&#8243;][mk_image src=&#8221;https:\/\/biketoursuruguay.com\/wp-content\/uploads\/2020\/07\/coronavirus_pt.png&#8221; image_size=&#8221;full&#8221; link=&#8221;\/br\/coronavirus&#8221; el_class=&#8221;no-mobile&#8221;][mk_image src=&#8221;https:\/\/biketoursuruguay.com\/wp-content\/uploads\/2020\/07\/coronavirus-mobile_pt.png&#8221; image_size=&#8221;full&#8221; link=&#8221;\/br\/coronavirus&#8221; el_class=&#8221;mobile&#8221;][\/vc_column_inner][vc_column_inner width=&#8221;1\/3&#8243;][vc_column_text]<strong>Combatemos a pandemia de coronav\u00edrus juntos.<\/strong><br \/>\nNo Bike Tours Uruguay tomamos todas as medidas para evitar o COVID-19. <a href=\"https:\/\/biketoursuruguay.com\/br\/coronavirus\/\">Veja mais<\/a>.[\/vc_column_text][\/vc_column_inner][\/vc_row_inner][mk_padding_divider size=&#8221;20&#8243;][\/vc_column][\/vc_row][vc_row][vc_column][vc_raw_html]JTNDZGl2JTIwc3R5bGUlM0QlMjJ0ZXh0LWFsaWduJTNBcmlnaHQlM0JtYXJnaW4tdG9wJTNBMWVtJTNCJTIwbWFyZ2luLXJpZ2h0JTNBJTIwNTBweCUyMiUzRSUzQyUyRmRpdiUzRQ==[\/vc_raw_html][vc_raw_html]JTNDZGl2JTIwY2xhc3MlM0QlMjJuYXZpZ2F0aW9uJTIyJTIwc3R5bGUlM0QlMjJib3JkZXItYm90dG9tJTNBJTIwMXB4JTIwc29saWQlMjAlMjNjY2MlM0IlMjBtYXJnaW4tdG9wJTNBMC41ZW0lMjIlM0UlM0NhJTIwc3R5bGUlM0QlMjJ3aGl0ZS1zcGFjZSUzQW5vd3JhcCUzQiUyMiUyMGhyZWYlM0QlMjIlMkZiciUyRnRvdXJzJTJGdG91cnMtZW4tbW9udGV2aWRlbyUyMiUzRVRvdXJzJTIwZW0lMjBNb250ZXZpZCVDMyVBOXUlM0MlMkZhJTNFJTIwJTJGJTIwJTNDYSUyMGhyZWYlM0QlMjIlMkZiciUyRnRvdXJzJTJGdG91cnMtZW4tcHVudGEtZGVsLWVzdGUlMkYlMjIlMjBzdHlsZSUzRCUyMndoaXRlLXNwYWNlJTNBbm93cmFwJTNCJTIyJTNFVG91cnMlMjBlbSUyMFB1bnRhJTIwZGVsJTIwRXN0ZSUzQyUyRmElM0UlMjAlMkYlMjAlM0NhJTIwaHJlZiUzRCUyMiUyRmJyJTJGdG91cnMlMkZ0b3Vycy10ZW1hdGljb3MlMkYlMjIlMjBzdHlsZSUzRCUyMndoaXRlLXNwYWNlJTNBbm93cmFwJTNCJTIyJTNFVG91cnMlMjB0ZW0lQzMlQTF0aWNvcyUzQyUyRmElM0UlMjAlMkYlMjAlM0NhJTIwaHJlZiUzRCUyMiUyRmJyJTJGdG91cnMlMkZ0b3Vycy1sYXJnb3MlMkYlMjIlMjBzdHlsZSUzRCUyMndoaXRlLXNwYWNlJTNBbm93cmFwJTNCJTIyJTNFVG91cnMlMjBsb25nb3MlM0MlMkZhJTNFJTIwJTJGJTIwJTNDc3Ryb25nJTIwc3R5bGUlM0QlMjJ3aGl0ZS1zcGFjZSUzQW5vd3JhcCUzQiUyMiUzRVR1cmlzbW8lMjBhY2NlcyVDMyVBRHZlbCUzQyUyRnN0cm9uZyUzRSUzQyUyRmRpdiUzRQ==[\/vc_raw_html][vc_row_inner][vc_column_inner width=&#8221;1\/4&#8243;][\/vc_column_inner][vc_column_inner width=&#8221;1\/4&#8243;][vc_single_image image=&#8221;5119&#8243; img_size=&#8221;128&#215;120&#8243;][\/vc_column_inner][vc_column_inner width=&#8221;1\/4&#8243;][vc_single_image image=&#8221;5125&#8243; img_size=&#8221;125&#215;125&#8243;][\/vc_column_inner][vc_column_inner width=&#8221;1\/4&#8243;][\/vc_column_inner][\/vc_row_inner][mk_padding_divider][vc_column_text]\n<div dir=\"ltr\">Bike Tours Uruguay, <strong>pioneira<\/strong> no turismo de bicicleta no Uruguai e agora comprometida com o <strong>turismo acess\u00edvel<\/strong> para o pa\u00eds, juntamente com o apoio do <strong>Minist\u00e9rio do Turismo<\/strong>, oferece a oportunidade de <strong>integrar<\/strong> nossos passeios de maneira inclusiva, para pessoas ou crian\u00e7as com dificuldades de locomo\u00e7\u00e3o ou cegas.<\/div>\n<div dir=\"ltr\"><\/div>\n<div dir=\"ltr\">Sinta o prazer de percorrer a cidade de forma mais <strong>amig\u00e1vel<\/strong> pelas m\u00e3os de especialistas em Turismo de Bicicleta.<\/div>\n[\/vc_column_text][mk_padding_divider][\/vc_column][\/vc_row][vc_row css=&#8221;.vc_custom_1470499191749{background-color: #ededed !important;}&#8221;][vc_column width=&#8221;1\/2&#8243;][vc_column_text]\n<div style=\"margin-left: 1em; margin-top: 1em; margin-bottom: 1em; text-align: left; font-weight: bold; font-size: 20px; color: black;\">TOUR<\/div>\n<p style=\"margin-left: 1em; text-align: left; margin-top: 1em;\"><span style=\"text-align: center; font-weight: bold; font-size: 30px; color: #5e5e5e;\">M\u00cdSTICO <\/span><\/p>\n[\/vc_column_text][\/vc_column][vc_column width=&#8221;1\/2&#8243; el_class=&#8221;acciones-tour&#8221;][vc_raw_html]JTNDYnV0dG9uJTIwZGF0YS10b3VyJTNEJTIyVHVyaXNtbyUyMEFjY2VzJUMzJUFEdmVsJTIwLSUyMFRvdXIlMjBNJUMzJUFEc3RpY28lMjIlMjBjbGFzcyUzRCUyMmVNb2RhbC02JTIwdmNfZ2VuZXJhbCUyMHZjX2J0bjMlMjB2Y19idG4zLXNpemUtbWQlMjB2Y19idG4zLXNoYXBlLXNxdWFyZSUyMHZjX2J0bjMtc3R5bGUtZmxhdCUyMHZjX2J0bjMtY29sb3ItZGVmYXVsdCUyMiUzRUNvbnN1bHRhciUzQyUyRmJ1dHRvbiUzRSUwQSUzQ2J1dHRvbiUyMGRhdGEtdG91ciUzRCUyMlR1cmlzbW8lMjBBY2NlcyVDMyVBRHZlbCUyMC0lMjBUb3VyJTIwTSVDMyVBRHN0aWNvJTIyJTIwY2xhc3MlM0QlMjJlTW9kYWwtNyUyMHZjX2dlbmVyYWwlMjB2Y19idG4zJTIwdmNfYnRuMy1zaXplLW1kJTIwdmNfYnRuMy1zaGFwZS1zcXVhcmUlMjB2Y19idG4zLXN0eWxlLWZsYXQlMjB2Y19idG4zLWNvbG9yLXByaW1hcnklMjIlM0VSZXNlcnZlJTNDJTJGYnV0dG9uJTNF[\/vc_raw_html][\/vc_column][\/vc_row][vc_row][vc_column][vc_raw_html]JTNDZGl2JTIwc3R5bGUlM0QlMjJtYXJnaW4tdG9wJTNBJTIwMC41ZW0lM0IlMjBtYXJnaW4tYm90dG9tJTNBJTIwLTFlbSUyMiUzRSUwQSUzQ3NwYW4lMjBzdHlsZSUzRCUyMm1hcmdpbi1yaWdodCUzQSUyMDFlbSUzQndoaXRlLXNwYWNlJTNBbm93cmFwJTNCJTIyJTNFJTNDc3BhbiUyMHN0eWxlJTNEJTIyZm9udC1zaXplJTNBJTIwMTVweCUyMiUyMGNsYXNzJTNEJTIydmNfaWNvbl9lbGVtZW50LWljb24lMjBmYSUyMGZhLWNsb2NrLW8lMjIlM0UlM0MlMkZzcGFuJTNFJTIwRHVyYSVDMyVBNyVDMyVBM28lM0ElMjAxJTNBMzAtMmhycyUzQyUyRnNwYW4lM0UlMEElM0MlMkZkaXYlM0U=[\/vc_raw_html][vc_accordions style=&#8221;simple-style&#8221; action_style=&#8221;toggle-action&#8221; container_bg_color=&#8221;#ffffff&#8221; responsive=&#8221;false&#8221;][vc_accordion_tab title=&#8221;Info&#8221;][vc_row_inner][vc_column_inner width=&#8221;1\/2&#8243;][mk_image src=&#8221;http:\/\/new.biketoursuruguay.com\/wp-content\/uploads\/2016\/07\/rsz_1hotel.jpg&#8221; image_width=&#8221;640&#8243; image_height=&#8221;480&#8243;][vc_btn title=&#8221;Ver galer\u00eda&#8221; style=&#8221;flat&#8221; shape=&#8221;square&#8221; color=&#8221;primary&#8221; i_icon_fontawesome=&#8221;fa fa-camera&#8221; css=&#8221;.vc_custom_1575235930842{margin-top: 20px !important;margin-bottom: 20px !important;}&#8221; add_icon=&#8221;true&#8221; link=&#8221;url:http%3A%2F%2Fbiketoursuruguay.com%2Fbr%2Fbwg_gallery%2Fturismo-accesible-tour-mistico%2F|||&#8221;][\/vc_column_inner][vc_column_inner width=&#8221;1\/2&#8243;][vc_column_text]Visitaremos os bairros residenciais apreciando a beleza neles, jardins, casas majestosas e a possibilidade de entrar em contato com a natureza por ruas tranquilas. Das m\u00e3os de @Alicia, voc\u00ea saber\u00e1 do que elas realmente podem gostar.<\/p>\n<p>Contamos con <strong>2 bicis accesivels para adulto<\/strong> y mais uma para crianca.<\/p>\n<p><strong>Consultar especificaciones.<\/strong><\/p>\n<hr \/>\n<p><strong>Partidas:<\/strong> Coordena\u00e7\u00e3o pr\u00e9via<\/p>\n<p><strong>M\u00ednimo:<\/strong> 2 pessoas. Temos bicicletas GT para os acompanhantes.<br \/>\n<strong>Modalidade:<\/strong> com Guia<br \/>\n<strong>Custo:<\/strong> consultar<\/p>\n<p><strong>Inclui:<\/strong> \u00e1gua, capacete, colete<\/p>\n<p><strong>Reserva pr\u00e9via:<\/strong> online.<\/p>\n<hr \/>\n<p>O ponto de partida \u00e9 coordenado.[\/vc_column_text][\/vc_column_inner][\/vc_row_inner][\/vc_accordion_tab][vc_accordion_tab title=&#8221;Ver percurso&#8221;][vc_row_inner][vc_column_inner width=&#8221;1\/2&#8243;][mk_image src=&#8221;http:\/\/new.biketoursuruguay.com\/wp-content\/uploads\/2016\/07\/rsz_mistico.jpg&#8221;][\/vc_column_inner][vc_column_inner width=&#8221;1\/2&#8243;][vc_column_text]\n<div class=\"page\" title=\"Page 2\">\n<div class=\"section\">\n<div class=\"layoutArea\">\n<div class=\"column\">\n<p>Tour com guia local pedalando para conhecer os bairros mais lindos de Punta del Este, observando a beleza a natureza e as mans\u00f5es da redondeza.<\/p>\n<p>Bairros:\u00a0<strong>San Rafael visitando o Clube de Golf;\u00a0Beverly Hills;\u00a0Pedragosa Serra visitando:\u00a0Museu Ralli;\u00a0Hotel L&#8217;Auberge;\u00a0Hotel San Rafael.<\/strong><\/p>\n<p>Dependendo do tempo dispon\u00edvel se ingressar\u00e1 nos lugares mencionados para desfrutar a beleza arquitet\u00f4nica.<\/p>\n<\/div>\n<\/div>\n<\/div>\n<\/div>\n[\/vc_column_text][\/vc_column_inner][\/vc_row_inner][\/vc_accordion_tab][vc_accordion_tab title=&#8221;Section&#8221;][\/vc_accordion_tab][\/vc_accordions][\/vc_column][\/vc_row][vc_row css=&#8221;.vc_custom_1470499191749{background-color: #ededed !important;}&#8221;][vc_column width=&#8221;1\/2&#8243;][vc_column_text]\n<div style=\"margin-left: 1em; margin-top: 1em; margin-bottom: 1em; text-align: left; font-weight: bold; font-size: 20px; color: black;\">TOUR<\/div>\n<p style=\"margin-left: 1em; text-align: left; margin-top: 1em;\"><span style=\"text-align: center; font-weight: bold; font-size: 30px; color: #5e5e5e;\">PEN\u00cdNSULA <\/span><\/p>\n[\/vc_column_text][\/vc_column][vc_column width=&#8221;1\/2&#8243; el_class=&#8221;acciones-tour&#8221;][vc_raw_html]JTNDYnV0dG9uJTIwZGF0YS10b3VyJTNEJTIyVHVyaXNtbyUyMEFjY2VzJUMzJUFEdmVsJTIwLSUyMFRvdXIlMjBQZW4lQzMlQURuc3VsYSUyMiUyMGNsYXNzJTNEJTIyZU1vZGFsLTYlMjB2Y19nZW5lcmFsJTIwdmNfYnRuMyUyMHZjX2J0bjMtc2l6ZS1tZCUyMHZjX2J0bjMtc2hhcGUtc3F1YXJlJTIwdmNfYnRuMy1zdHlsZS1mbGF0JTIwdmNfYnRuMy1jb2xvci1kZWZhdWx0JTIyJTNFQ29uc3VsdGFyJTNDJTJGYnV0dG9uJTNFJTBBJTNDYnV0dG9uJTIwZGF0YS10b3VyJTNEJTIyVHVyaXNtbyUyMEFjY2VzJUMzJUFEdmVsJTIwLSUyMFRvdXIlMjBQZW4lQzMlQURuc3VsYSUyMiUyMGNsYXNzJTNEJTIyZU1vZGFsLTclMjB2Y19nZW5lcmFsJTIwdmNfYnRuMyUyMHZjX2J0bjMtc2l6ZS1tZCUyMHZjX2J0bjMtc2hhcGUtc3F1YXJlJTIwdmNfYnRuMy1zdHlsZS1mbGF0JTIwdmNfYnRuMy1jb2xvci1wcmltYXJ5JTIyJTNFUmVzZXJ2ZSUzQyUyRmJ1dHRvbiUzRQ==[\/vc_raw_html][\/vc_column][\/vc_row][vc_row][vc_column][vc_raw_html]JTNDZGl2JTIwc3R5bGUlM0QlMjJtYXJnaW4tdG9wJTNBJTIwMC41ZW0lM0IlMjBtYXJnaW4tYm90dG9tJTNBJTIwLTFlbSUyMiUzRSUwQSUzQ3NwYW4lMjBzdHlsZSUzRCUyMm1hcmdpbi1yaWdodCUzQSUyMDFlbSUzQndoaXRlLXNwYWNlJTNBbm93cmFwJTNCJTIyJTNFJTNDc3BhbiUyMHN0eWxlJTNEJTIyZm9udC1zaXplJTNBJTIwMTVweCUyMiUyMGNsYXNzJTNEJTIydmNfaWNvbl9lbGVtZW50LWljb24lMjBmYSUyMGZhLWNsb2NrLW8lMjIlM0UlM0MlMkZzcGFuJTNFJTIwRHVyYSVDMyVBNyVDMyVBM28lM0ElMjAxJTNBMzAtMmhycyUzQyUyRnNwYW4lM0UlMEElM0MlMkZkaXYlM0U=[\/vc_raw_html][vc_accordions style=&#8221;simple-style&#8221; action_style=&#8221;toggle-action&#8221; container_bg_color=&#8221;#ffffff&#8221; responsive=&#8221;false&#8221;][vc_accordion_tab title=&#8221;Info&#8221;][vc_row_inner][vc_column_inner width=&#8221;1\/2&#8243;][mk_image src=&#8221;http:\/\/new.biketoursuruguay.com\/wp-content\/uploads\/2016\/07\/rsz_punta-del-este.jpg&#8221; image_width=&#8221;640&#8243; image_height=&#8221;480&#8243;][vc_btn title=&#8221;Ver galer\u00eda&#8221; style=&#8221;flat&#8221; shape=&#8221;square&#8221; color=&#8221;primary&#8221; i_icon_fontawesome=&#8221;fa fa-camera&#8221; css=&#8221;.vc_custom_1575235944847{margin-top: 20px !important;margin-bottom: 20px !important;}&#8221; add_icon=&#8221;true&#8221; link=&#8221;url:http%3A%2F%2Fbiketoursuruguay.com%2Fbr%2Fbwg_gallery%2Fturismo-accesible-tour-peninsula%2F|||&#8221;][\/vc_column_inner][vc_column_inner width=&#8221;1\/2&#8243;][vc_column_text]Atravessaremos a costa em ambas as margens, Playa Mansa e Brava. Parando no Parador, parada 3 &#8211; Playa Mansa &#8211; Porto &#8211; Praia Emir &#8211; Ponto Vapor La Mano e retorno \u00e0 partida.<\/p>\n<hr \/>\n<p><strong>Partidas:<\/strong> Coordena\u00e7\u00e3o pr\u00e9via<\/p>\n<p><strong>M\u00ednimo:<\/strong> 2 pessoas. Temos bicicletas GT para os acompanhantes.<br \/>\n<strong>Modalidade:<\/strong> com Guia<br \/>\n<strong>Custo:<\/strong> consultar<\/p>\n<p><strong>Inclui:<\/strong> \u00e1gua, capacete, colete<\/p>\n<p><strong>Reserva pr\u00e9via:<\/strong> online.<\/p>\n<hr \/>\n<p>O ponto de partida \u00e9 coordenado.[\/vc_column_text][\/vc_column_inner][\/vc_row_inner][\/vc_accordion_tab][vc_accordion_tab title=&#8221;Ver percurso&#8221;][vc_row_inner][vc_column_inner width=&#8221;1\/2&#8243;][mk_image src=&#8221;http:\/\/new.biketoursuruguay.com\/wp-content\/uploads\/2016\/07\/rsz_peninsula2.jpg&#8221;][\/vc_column_inner][vc_column_inner width=&#8221;1\/2&#8243;][vc_column_text]<strong>Pontos a percorrer<\/strong><\/p>\n<p>Monumento: \u201cLa Mano\u201d,\u00a0Praia Brava,\u00a0Barco Naufragado,\u00a0Praia \u201dEl Emir\u201d,\u00a0Punta Vapor,\u00a0Praia dos Ingleses,\u00a0Punta Salina,\u00a0Pra\u00e7a Gr\u00e3- Bretanha,\u00a0Batalha Graf Spee,\u00a0Farol de Punta del Este,\u00a0Esta\u00e7\u00e3o Meteorol\u00f3gica,\u00a0Rosa dos Ventos,\u00a0Ponto energ\u00e9tico,\u00a0Par\u00f3quia &#8220;La Candelaria&#8221;,\u00a0Porto de Punta del Este,\u00a0Lobos marinhos,\u00a0Praia Mansa,\u00a0\u201cPasseio La Pastora\u201d,\u00a0Hotel Conrad.[\/vc_column_text][\/vc_column_inner][\/vc_row_inner][\/vc_accordion_tab][\/vc_accordions][\/vc_column][\/vc_row][vc_row][vc_column][vc_column_text]\n[\/vc_column_text][\/vc_column][\/vc_row][vc_row][vc_column][mk_padding_divider][\/vc_column][\/vc_row][vc_row][vc_column width=&#8221;1\/4&#8243;][vc_raw_html el_class=&#8221;certificados&#8221;]JTNDZGl2JTIwaWQlM0QlMjJjZXJ0aWZpY2Fkby1wdW50YSUyMiUzRSUzQyUyRmRpdiUzRSUwQQ==[\/vc_raw_html][\/vc_column][vc_column width=&#8221;3\/4&#8243; el_class=&#8221;excellence&#8221;][vc_column_text]\n<p style=\"text-align: left;\"><span style=\"text-align: center; font-weight: bold; font-size: 20px; color: black;\">EXCEL\u00caNCIA EM TODOS OS NOSSOS TOURS<\/span><\/p>\n[\/vc_column_text][vc_column_text]\n<p style=\"text-align: left;\">Centenas de coment\u00e1rios com certificado de qualidade proporcionados pela TripAdvisor como melhor refer\u00eancia.<\/p>\n[\/vc_column_text][vc_raw_html]JTNDYSUyMGhyZWYlM0QlMjJodHRwcyUzQSUyRiUyRnd3dy50cmlwYWR2aXNvci5jb20lMkZBdHRyYWN0aW9uX1Jldmlldy1nMjk0MzIzLWQyNDAzMDIwLVJldmlld3MtQmlrZV9Ub3Vyc19Nb250ZXZpZGVvLU1vbnRldmlkZW9fTW9udGV2aWRlb19EZXBhcnRtZW50Lmh0bWwlMjIlMjB0YXJnZXQlM0QlMjJfYmxhbmslMjIlM0VMZWlhJTIwb3MlMjBjb21lbnQlQzMlQTFyaW9zJTIwZW0lMjBNb250ZXZpZCVDMyVBOXUlM0MlMkZhJTNFJTIwJTdDJTIwJTNDYSUyMHN0eWxlJTNEJTIyd2hpdGUtc3BhY2UlM0ElMjBub3dyYXAlMjIlMjBocmVmJTNEJTIyaHR0cHMlM0ElMkYlMkZ3d3cudHJpcGFkdmlzb3IuY29tJTJGQXR0cmFjdGlvbl9SZXZpZXctZzI5NDA2Ni1kMTk5OTM5NC1SZXZpZXdzLUJpa2VfVG91cnNfUHVudGFfZGVsX0VzdGUtUHVudGFfZGVsX0VzdGVfTWFsZG9uYWRvX0RlcGFydG1lbnQuaHRtbCUyMiUyMHRhcmdldCUzRCUyMl9ibGFuayUyMiUzRUxlaWElMjBvcyUyMGNvbWVudCVDMyVBMXJpb3MlMjBlbSUyMFB1bnRhJTIwZGVsJTIwRXN0ZSUzQyUyRmElM0U=[\/vc_raw_html][mk_padding_divider size=&#8221;20&#8243;][\/vc_column][\/vc_row][vc_row][vc_column][vc_raw_js]JTNDc2NyaXB0JTIwdHlwZSUzRCUyMnRleHQlMkZqYXZhc2NyaXB0JTIyJTNFJTIwJTBBalF1ZXJ5JTI4JTI3LmVNb2RhbC02JTI3JTI5LmNsaWNrJTI4ZnVuY3Rpb24lMjhlJTI5JTdCJTBBJTIwJTIwZS5wcmV2ZW50RGVmYXVsdCUyOCUyOSUzQiUwQSUyMCUyMHZhciUyMCUyNHRoaXMlMjAlM0QlMjBqUXVlcnklMjh0aGlzJTI5JTNCJTBBJTIwJTIwdmFyJTIwJTI0bW9kYWwlMjAlM0QlMjBqUXVlcnklMjglMjclMjNlTW9kYWwtNiUyNyUyOSUzQiUwQSUyMCUyMHZhciUyMHRvdXIlMjAlM0QlMjAlMjR0aGlzLmRhdGElMjglMjd0b3VyJTI3JTI5JTNCJTBBJTIwJTIwalF1ZXJ5JTI4JTI3aW5wdXQlNUJuYW1lJTNEdG91ciU1RCUyNyUyQyUyMCUyNG1vZGFsJTI5LnZhbCUyOHRvdXIlMjklM0IlMEElMjAlMjAlMjRtb2RhbC5lbW9kYWwlMjglMjdvcGVuJTI3JTI5JTNCJTBBJTdEJTI5JTNCJTBBalF1ZXJ5JTI4JTI3LmVNb2RhbC03JTI3JTI5LmNsaWNrJTI4ZnVuY3Rpb24lMjhlJTI5JTdCJTBBJTIwJTIwZS5wcmV2ZW50RGVmYXVsdCUyOCUyOSUzQiUwQSUyMCUyMHZhciUyMCUyNHRoaXMlMjAlM0QlMjBqUXVlcnklMjh0aGlzJTI5JTNCJTBBJTIwJTIwdmFyJTIwJTI0bW9kYWwlMjAlM0QlMjBqUXVlcnklMjglMjclMjNlTW9kYWwtNyUyNyUyOSUzQiUwQSUyMCUyMHZhciUyMHRvdXIlMjAlM0QlMjAlMjR0aGlzLmRhdGElMjglMjd0b3VyJTI3JTI5JTNCJTBBJTIwJTIwalF1ZXJ5JTI4JTI3aW5wdXQlNUJuYW1lJTNEdG91ciU1RCUyNyUyQyUyMCUyNG1vZGFsJTI5LnZhbCUyOHRvdXIlMjklM0IlMEElMjAlMjAlMjRtb2RhbC5lbW9kYWwlMjglMjdvcGVuJTI3JTI5JTNCJTBBJTdEJTI5JTNCJTNDJTJGc2NyaXB0JTNF[\/vc_raw_js][\/vc_column][\/vc_row]\n","protected":false},"excerpt":{"rendered":"<p>[mk_page_section bg_image=&#8221;https:\/\/biketoursuruguay.com\/wp-content\/uploads\/2019\/12\/accesibleTitulo.jpg&#8221; bg_color=&#8221;#b7b7b7&#8243; bg_position=&#8221;center center&#8221; bg_stretch=&#8221;true&#8221; video_loop=&#8221;false&#8221; video_mask=&#8221;true&#8221; video_color_mask=&#8221;#e0e0e0&#8243; video_opacity=&#8221;0.1&#8243; min_height=&#8221;0&#8243; full_width=&#8221;true&#8221; padding_top=&#8221;0&#8243; padding_bottom=&#8221;0&#8243; top_shape_color=&#8221;#ffffff&#8221; bottom_shape_color=&#8221;#ffffff&#8221; el_class=&#8221;header-title&#8221; sidebar=&#8221;sidebar-1&#8243;][vc_column][mk_fancy_title tag_name=&#8221;span&#8221; color=&#8221;#ffffff&#8221; size=&#8221;30&#8243; margin_top=&#8221;10&#8243; margin_bottom=&#8221;10&#8243; font_family=&#8221;none&#8221; align=&#8221;center&#8221; el_class=&#8221;fancy-title&#8221;]TURISMO ACCES\u00cdVEL[\/mk_fancy_title][mk_fancy_title tag_name=&#8221;span&#8221; color=&#8221;#ffffff&#8221; size=&#8221;20&#8243; margin_top=&#8221;10&#8243; margin_bottom=&#8221;0&#8243; font_family=&#8221;none&#8221; align=&#8221;center&#8221; el_class=&#8221;fancy-title2&#8243;]Punta del Este &#8211; com o vento na sua cara! Experimente a beleza, o ar puro e a natureza que a [&hellip;]<\/p>\n","protected":false},"author":1,"featured_media":0,"parent":11,"menu_order":0,"comment_status":"closed","ping_status":"closed","template":"","meta":{"footnotes":""},"class_list":["post-4919","page","type-page","status-publish","hentry"],"_links":{"self":[{"href":"https:\/\/biketoursuruguay.com\/br\/wp-json\/wp\/v2\/pages\/4919","targetHints":{"allow":["GET"]}}],"collection":[{"href":"https:\/\/biketoursuruguay.com\/br\/wp-json\/wp\/v2\/pages"}],"about":[{"href":"https:\/\/biketoursuruguay.com\/br\/wp-json\/wp\/v2\/types\/page"}],"author":[{"embeddable":true,"href":"https:\/\/biketoursuruguay.com\/br\/wp-json\/wp\/v2\/users\/1"}],"replies":[{"embeddable":true,"href":"https:\/\/biketoursuruguay.com\/br\/wp-json\/wp\/v2\/comments?post=4919"}],"version-history":[{"count":5,"href":"https:\/\/biketoursuruguay.com\/br\/wp-json\/wp\/v2\/pages\/4919\/revisions"}],"predecessor-version":[{"id":6127,"href":"https:\/\/biketoursuruguay.com\/br\/wp-json\/wp\/v2\/pages\/4919\/revisions\/6127"}],"up":[{"embeddable":true,"href":"https:\/\/biketoursuruguay.com\/br\/wp-json\/wp\/v2\/pages\/11"}],"wp:attachment":[{"href":"https:\/\/biketoursuruguay.com\/br\/wp-json\/wp\/v2\/media?parent=4919"}],"curies":[{"name":"wp","href":"https:\/\/api.w.org\/{rel}","templated":true}]}}