{"id":5266,"date":"2020-07-05T18:40:34","date_gmt":"2020-07-05T18:40:34","guid":{"rendered":"https:\/\/biketoursuruguay.com\/?page_id=5266"},"modified":"2026-04-21T12:57:21","modified_gmt":"2026-04-21T12:57:21","slug":"coronavirus","status":"publish","type":"page","link":"https:\/\/biketoursuruguay.com\/br\/coronavirus\/","title":{"rendered":"Medidas por COVID-19"},"content":{"rendered":"[vc_row][vc_column width=&#8221;1\/4&#8243;][vc_single_image image=&#8221;5400&#8243; img_size=&#8221;medium&#8221;][\/vc_column][vc_column width=&#8221;3\/4&#8243;][vc_column_text]# N\u00famero limitado de participantes (m\u00e1ximo 12).<\/p>\n<p># \u00c1lcool em gel dispon\u00edvel.<\/p>\n<p># Capacetes desinfetados, bem como guid\u00e3o de bicicleta, barras de freio, assentos e qualquer outro elemento de contato.<\/p>\n<p># M\u00e1scaras ser\u00e3o usadas pelos guias.<\/p>\n<p># Turistas devem usar m\u00e1scaras.<\/p>\n<p># Pagamentos \/ transfer\u00eancias banc\u00e1rias s\u00e3o aceito com anteced\u00eancia.# Sauda\u00e7\u00f5es por contato, ser\u00e3o evitadas.<\/p>\n<p># O Guia permanecer\u00e1 a pelo menos 2 metros de dist\u00e2ncia enquanto estiver conversando com os passageiros.<\/p>\n<p># Os passageiros devem manter dist\u00e2ncia enquanto est\u00e3o na estrada, a menos que perten\u00e7am \u00e0 mesma fam\u00edlia.[\/vc_column_text][\/vc_column][\/vc_row]\n","protected":false},"excerpt":{"rendered":"<p>[vc_row][vc_column width=&#8221;1\/4&#8243;][vc_single_image image=&#8221;5400&#8243; img_size=&#8221;medium&#8221;][\/vc_column][vc_column width=&#8221;3\/4&#8243;][vc_column_text]# N\u00famero limitado de participantes (m\u00e1ximo 12). # \u00c1lcool em gel dispon\u00edvel. # Capacetes desinfetados, bem como guid\u00e3o de bicicleta, barras de freio, assentos e qualquer outro elemento de contato. # M\u00e1scaras ser\u00e3o usadas pelos guias. # Turistas devem usar m\u00e1scaras. # Pagamentos \/ transfer\u00eancias banc\u00e1rias s\u00e3o aceito com anteced\u00eancia.# Sauda\u00e7\u00f5es [&hellip;]<\/p>\n","protected":false},"author":1,"featured_media":0,"parent":0,"menu_order":0,"comment_status":"closed","ping_status":"closed","template":"","meta":{"footnotes":""},"class_list":["post-5266","page","type-page","status-publish","hentry"],"_links":{"self":[{"href":"https:\/\/biketoursuruguay.com\/br\/wp-json\/wp\/v2\/pages\/5266","targetHints":{"allow":["GET"]}}],"collection":[{"href":"https:\/\/biketoursuruguay.com\/br\/wp-json\/wp\/v2\/pages"}],"about":[{"href":"https:\/\/biketoursuruguay.com\/br\/wp-json\/wp\/v2\/types\/page"}],"author":[{"embeddable":true,"href":"https:\/\/biketoursuruguay.com\/br\/wp-json\/wp\/v2\/users\/1"}],"replies":[{"embeddable":true,"href":"https:\/\/biketoursuruguay.com\/br\/wp-json\/wp\/v2\/comments?post=5266"}],"version-history":[{"count":5,"href":"https:\/\/biketoursuruguay.com\/br\/wp-json\/wp\/v2\/pages\/5266\/revisions"}],"predecessor-version":[{"id":6879,"href":"https:\/\/biketoursuruguay.com\/br\/wp-json\/wp\/v2\/pages\/5266\/revisions\/6879"}],"wp:attachment":[{"href":"https:\/\/biketoursuruguay.com\/br\/wp-json\/wp\/v2\/media?parent=5266"}],"curies":[{"name":"wp","href":"https:\/\/api.w.org\/{rel}","templated":true}]}}