{"id":6239,"date":"2022-04-21T16:01:34","date_gmt":"2022-04-21T16:01:34","guid":{"rendered":"https:\/\/biketoursuruguay.com\/?page_id=6239"},"modified":"2022-06-14T17:45:38","modified_gmt":"2022-06-14T17:45:38","slug":"internacionales","status":"publish","type":"page","link":"https:\/\/biketoursuruguay.com\/br\/tours\/internacionales\/","title":{"rendered":"Tours Internacionais"},"content":{"rendered":"[mk_page_section bg_image=&#8221;https:\/\/biketoursuruguay.com\/wp-content\/uploads\/2022\/04\/WhatsApp-Image-2022-04-12-at-3.03.23-PM.jpeg&#8221; bg_color=&#8221;#b7b7b7&#8243; bg_position=&#8221;center center&#8221; bg_stretch=&#8221;true&#8221; video_loop=&#8221;false&#8221; video_mask=&#8221;true&#8221; video_color_mask=&#8221;#e0e0e0&#8243; video_opacity=&#8221;0.1&#8243; min_height=&#8221;0&#8243; full_width=&#8221;true&#8221; padding_top=&#8221;20&#8243; padding_bottom=&#8221;0&#8243; top_shape_color=&#8221;#ffffff&#8221; bottom_shape_color=&#8221;#ffffff&#8221; el_class=&#8221;header-title&#8221; sidebar=&#8221;sidebar-1&#8243;][vc_column][mk_fancy_title tag_name=&#8221;span&#8221; color=&#8221;#ffffff&#8221; size=&#8221;30&#8243; margin_top=&#8221;10&#8243; margin_bottom=&#8221;10&#8243; font_family=&#8221;none&#8221; align=&#8221;center&#8221; el_class=&#8221;fancy-title&#8221;][\/mk_fancy_title][mk_fancy_title tag_name=&#8221;span&#8221; color=&#8221;#ffffff&#8221; size=&#8221;20&#8243; margin_top=&#8221;10&#8243; margin_bottom=&#8221;10&#8243; font_family=&#8221;none&#8221; align=&#8221;center&#8221; el_class=&#8221;fancy-title2&#8243;]As aventuras v\u00eam conosco fora de nossas fronteiras. Siga-nos no tour internacional.[\/mk_fancy_title][\/vc_column][\/mk_page_section][vc_row css=&#8221;.vc_custom_1593975056316{margin-top: 20px !important;border-top-width: 1px !important;border-right-width: 1px !important;border-bottom-width: 1px !important;border-left-width: 1px !important;background-color: #f9f9f9 !important;border-left-color: #d1d1d1 !important;border-right-color: #d1d1d1 !important;border-top-color: #d1d1d1 !important;border-bottom-color: #d1d1d1 !important;}&#8221;][vc_column][mk_padding_divider size=&#8221;20&#8243;][vc_row_inner][vc_column_inner width=&#8221;2\/3&#8243;][mk_image src=&#8221;https:\/\/biketoursuruguay.com\/wp-content\/uploads\/2020\/07\/coronavirus_es-1.png&#8221; image_size=&#8221;full&#8221; link=&#8221;\/coronavirus&#8221; el_class=&#8221;no-mobile&#8221;][mk_image src=&#8221;https:\/\/biketoursuruguay.com\/wp-content\/uploads\/2020\/07\/coronavirus-mobile_es.png&#8221; image_size=&#8221;full&#8221; link=&#8221;\/coronavirus&#8221; el_class=&#8221;mobile&#8221;][\/vc_column_inner][vc_column_inner width=&#8221;1\/3&#8243;][vc_column_text]<strong>Combatemos a pandemia de coronav\u00edrus juntos.<\/strong><br \/>\nNo Bike Tours Uruguay tomamos todas as medidas para evitar o COVID-19. <a href=\"https:\/\/biketoursuruguay.com\/coronavirus\/\">Veja mais. <\/a>.[\/vc_column_text][\/vc_column_inner][\/vc_row_inner][mk_padding_divider size=&#8221;20&#8243;][\/vc_column][\/vc_row][vc_row][vc_column][vc_raw_html]JTNDZGl2JTIwc3R5bGUlM0QlMjJ0ZXh0LWFsaWduJTNBcmlnaHQlM0JtYXJnaW4tdG9wJTNBMWVtJTNCJTIwbWFyZ2luLXJpZ2h0JTNBJTIwNTBweCUyMiUzRSUzQyUyRmRpdiUzRQ==[\/vc_raw_html][vc_raw_html]JTNDZGl2JTIwY2xhc3MlM0QlMjJuYXZpZ2F0aW9uJTIyJTIwc3R5bGUlM0QlMjJib3JkZXItYm90dG9tJTNBJTIwMXB4JTIwc29saWQlMjAlMjNjY2MlM0IlMjBtYXJnaW4tdG9wJTNBMC41ZW0lMjIlM0UlM0NhJTIwc3R5bGUlM0QlMjJ3aGl0ZS1zcGFjZSUzQW5vd3JhcCUzQiUyMiUyMGhyZWYlM0QlMjIlMkZ0b3VycyUyRnRvdXJzLWVuLW1vbnRldmlkZW8lMjIlM0VUb3VycyUyMGVuJTIwTW9udGV2aWRlbyUzQyUyRmElM0UlMjAlMkYlMjAlM0NhJTIwaHJlZiUzRCUyMiUyRnRvdXJzJTJGdG91cnMtZW4tcHVudGEtZGVsLWVzdGUlMjIlMjBzdHlsZSUzRCUyMndoaXRlLXNwYWNlJTNBbm93cmFwJTNCJTIyJTNFVG91cnMlMjBlbiUyMFB1bnRhJTIwZGVsJTIwRXN0ZSUzQyUyRmElM0UlMjAlMkYlMjAlM0NhJTIwaHJlZiUzRCUyMiUyRnRvdXJzJTJGdG91cnMtdGVtYXRpY29zJTJGJTIyJTIwc3R5bGUlM0QlMjJ3aGl0ZS1zcGFjZSUzQW5vd3JhcCUzQiUyMiUzRVRvdXJzJTIwdGVtJUMzJUExdGljb3MlM0MlMkZhJTNFJTIwJTJGJTIwJTNDc3Ryb25nJTIwc3R5bGUlM0QlMjJ3aGl0ZS1zcGFjZSUzQW5vd3JhcCUzQiUyMiUzRVRvdXJzJTIwbGFyZ29zJTNDJTJGc3Ryb25nJTNFJTIwJTJGJTIwJTNDYSUyMGhyZWYlM0QlMjIlMkZ0b3VycyUyRnR1cmlzbW8tYWNjZXNpYmxlJTJGJTIyJTIwc3R5bGUlM0QlMjJ3aGl0ZS1zcGFjZSUzQW5vd3JhcCUzQiUyMiUzRVR1cmlzbW8lMjBhY2Nlc2libGUlM0MlMkZhJTNFJTNDJTJGZGl2JTNF[\/vc_raw_html][\/vc_column][\/vc_row][vc_row css=&#8221;.vc_custom_1470499191749{background-color: #ededed !important;}&#8221;][vc_column width=&#8221;1\/2&#8243;][vc_column_text]\n<p style=\"margin-left: 1em; text-align: left; margin-top: 1em;\"><span style=\"text-align: center; font-weight: bold; font-size: 30px; color: #5e5e5e;\">TOURS INTERNACIONAIS<\/span><\/p>\n<div style=\"margin-left: 1em; margin-bottom: 1em; text-align: left; font-weight: bold; font-size: 20px; color: black;\">ITALIA &#8211; EMILIA ROMAGNA<\/div>\n[\/vc_column_text][\/vc_column][vc_column width=&#8221;1\/2&#8243; el_class=&#8221;acciones-tour&#8221;][vc_raw_html]JTNDYnV0dG9uJTIwZGF0YS10b3VyJTNEJTIyVG91cnMlMjBJbnRlcm5hY2lvbmFsZXMlMjBJVEFMSUElMjAtJTIwRU1JTElBJTIwUk9NQUdOQSUyMiUyMGNsYXNzJTNEJTIyZU1vZGFsLTElMjB2Y19nZW5lcmFsJTIwdmNfYnRuMyUyMHZjX2J0bjMtc2l6ZS1tZCUyMHZjX2J0bjMtc2hhcGUtc3F1YXJlJTIwdmNfYnRuMy1zdHlsZS1mbGF0JTIwdmNfYnRuMy1jb2xvci1kZWZhdWx0JTIyJTNFQ29uc3VsdGFyJTNDJTJGYnV0dG9uJTNFJTBBJTNDYnV0dG9uJTIwZGF0YS10b3VyJTNEJTIyVG91cnMlMjBJbnRlcm5hY2lvbmFsZXMlMjBJVEFMSUElMjAtJTIwRU1JTElBJTIwUk9NQUdOQSUyMiUyMGNsYXNzJTNEJTIyZU1vZGFsLTExJTIwdmNfZ2VuZXJhbCUyMHZjX2J0bjMlMjB2Y19idG4zLXNpemUtbWQlMjB2Y19idG4zLXNoYXBlLXNxdWFyZSUyMHZjX2J0bjMtc3R5bGUtZmxhdCUyMHZjX2J0bjMtY29sb3ItcHJpbWFyeSUyMiUzRVJlc2VydmUlM0MlMkZidXR0b24lM0U=[\/vc_raw_html][\/vc_column][\/vc_row][vc_row][vc_column][vc_raw_html]JTNDZGl2JTIwc3R5bGUlM0QlMjJtYXJnaW4tdG9wJTNBJTIwMC41ZW0lM0IlMjBtYXJnaW4tYm90dG9tJTNBJTIwLTFlbSUyMiUzRSUwQSUzQ3NwYW4lMjBzdHlsZSUzRCUyMm1hcmdpbi1yaWdodCUzQSUyMDFlbSUzQndoaXRlLXNwYWNlJTNBbm93cmFwJTNCJTIyJTNFJTNDc3BhbiUyMHN0eWxlJTNEJTIyZm9udC1zaXplJTNBJTIwMTVweCUyMiUyMGNsYXNzJTNEJTIydmNfaWNvbl9lbGVtZW50LWljb24lMjBmYSUyMGZhLWNsb2NrLW8lMjIlM0UlM0MlMkZzcGFuJTNFJTIwRHVyYWNpJUMzJUIzbiUzQSUyMDclMjBhJTIwMTAlMjBkJUMzJUFEYXMlMjAlM0MlMkZzcGFuJTNFJTBBJTNDc3BhbiUyMHN0eWxlJTNEJTIybWFyZ2luLXJpZ2h0JTNBJTIwMWVtJTNCd2hpdGUtc3BhY2UlM0Fub3dyYXAlM0IlMjIlM0UlM0NzcGFuJTIwc3R5bGUlM0QlMjJmb250LXNpemUlM0ElMjAxNXB4JTIyJTIwY2xhc3MlM0QlMjJ2Y19pY29uX2VsZW1lbnQtaWNvbiUyMGZhJTIwZmEtYm9sdCUyMiUzRSUzQyUyRnNwYW4lM0UlMjBFeGlnZW5jaWElMjBmJUMzJUFEc2ljYSUzQSUyME1lZGlhJTIwYSUyMEFsdGElMjAlM0MlMkZzcGFuJTNFJTBBJTNDJTJGZGl2JTNF[\/vc_raw_html][vc_accordions style=&#8221;simple-style&#8221; action_style=&#8221;toggle-action&#8221; container_bg_color=&#8221;#ffffff&#8221; responsive=&#8221;false&#8221;][vc_accordion_tab title=&#8221;Info&#8221;][vc_row_inner][vc_column_inner width=&#8221;1\/2&#8243;][mk_image src=&#8221;https:\/\/biketoursuruguay.com\/wp-content\/uploads\/2021\/11\/4e01c061-a322-481f-b2c3-1d825a365737.jpg&#8221; image_width=&#8221;640&#8243; image_height=&#8221;480&#8243;][vc_btn title=&#8221;Ver galeria&#8221; style=&#8221;flat&#8221; shape=&#8221;square&#8221; color=&#8221;primary&#8221; i_icon_fontawesome=&#8221;fa fa-camera&#8221; css=&#8221;.vc_custom_1638416543279{margin-top: 20px !important;margin-bottom: 20px !important;}&#8221; add_icon=&#8221;true&#8221; link=&#8221;url:https%3A%2F%2Fbiketoursuruguay.com%2Fbwg_gallery%2Femilia-romagna%2F|title:Emilia%20Romagna||&#8221;][\/vc_column_inner][vc_column_inner width=&#8221;1\/2&#8243;][vc_column_text]Historia y Gastronom\u00eda unida por la Bicicleta, junto a<\/p>\n<p><em>BIKE TOURS<\/em> <em>URUGUAY<\/em><\/p>\n<p><strong>Emilia Romagna &#8211; Bolonia<\/strong><\/p>\n<p>Regi\u00e3o dedicada ao ciclismo, com suas ciclovias entre as montanhas e no Adri\u00e1tico, com os hot\u00e9is Bike all inclusive, guias especializados oferecer\u00e3o o melhor junto com la melhor gastronomia pensada para seu esporte ou relaxamento.<br \/>\nMais de 20 anos viajando e promovendo a regi\u00e3o, combina maravilhosamente com sua hist\u00f3ria, seus telhados vermelhos, suas rotas montanhosas, seu c\u00e9u azul e sua natureza, formando a paleta perfeita para voc\u00ea desfrutar plenamente da Emilia Romagna de bicicleta.[\/vc_column_text][\/vc_column_inner][\/vc_row_inner][\/vc_accordion_tab][vc_accordion_tab title=&#8221;D\u00eda 1&#8243;][vc_row_inner][vc_column_inner width=&#8221;1\/2&#8243;][mk_image src=&#8221;https:\/\/biketoursuruguay.com\/wp-content\/uploads\/2021\/12\/PEDALEANDO.jpg&#8221; image_height=&#8221;400&#8243;][\/vc_column_inner][vc_column_inner width=&#8221;1\/2&#8243;][vc_column_text][\/vc_column_text][\/vc_column_inner][\/vc_row_inner][\/vc_accordion_tab][vc_accordion_tab title=&#8221;D\u00eda 2&#8243;][vc_row_inner][vc_column_inner width=&#8221;1\/2&#8243;][mk_image src=&#8221;https:\/\/biketoursuruguay.com\/wp-content\/uploads\/2021\/12\/grupo-antes-de-salir-primer-dia.jpg&#8221; image_height=&#8221;400&#8243;][\/vc_column_inner][vc_column_inner width=&#8221;1\/2&#8243;][vc_column_text][\/vc_column_text][\/vc_column_inner][\/vc_row_inner][vc_column_text][\/vc_column_text][\/vc_accordion_tab][vc_accordion_tab title=&#8221;Dia 3&#8243;][mk_image src=&#8221;https:\/\/biketoursuruguay.com\/wp-content\/uploads\/2021\/12\/RODANDO-POR-LAS-CALLES-LINDA.jpg&#8221;][\/vc_accordion_tab][vc_accordion_tab title=&#8221;Dia 4&#8243;][\/vc_accordion_tab][vc_accordion_tab title=&#8221;Dia 5&#8243;][\/vc_accordion_tab][vc_accordion_tab title=&#8221;Dia 6&#8243;][\/vc_accordion_tab][vc_accordion_tab title=&#8221;Dia 7&#8243;][mk_image src=&#8221;https:\/\/biketoursuruguay.com\/wp-content\/uploads\/2021\/11\/oxygen-lifestyle-hotel.jpeg&#8221;][\/vc_accordion_tab][vc_accordion_tab title=&#8221;Servicios incluidos&#8221;][vc_column_text]-Hospedaje con Pensi\u00f3n Completa:<br \/>\nDesayuno, buffet luego del entrenamiento y cena en Hotel.<br \/>\nAgua, vino y caf\u00e9 durante las comidas del Hotel.<\/p>\n<p>-Tours con gu\u00edas.<\/p>\n<p>-Lugar de guardado de bicicletas con videovigilancia y zona de lavado.<\/p>\n<p>-Workshop para reparaciones menores.<\/p>\n<p>-Lavado de ropa deportiva.<\/p>\n<p>-Transfer desde la estaci\u00f3n de tren hasta el aeropuerto de Rimini.<\/p>\n<p>-Acuerdos especiales con tiendas de bicicleta.<\/p>\n<p>-Frutas + sandwiches + agua para llevar durante el tour.<\/p>\n<p>-Coche soporte para poder buscar en caso de necesidad.<\/p>\n<p>-Alquiler de bicicletas Bianchi.<\/p>\n<p>-Transfer desde y hacia el Aeropuerto de Bolonia<\/p>\n<p>-Visitas tur\u00edsticas a Venecia y Florencia.[\/vc_column_text][\/vc_accordion_tab][\/vc_accordions][\/vc_column][\/vc_row][vc_row][vc_column][mk_padding_divider][\/vc_column][\/vc_row][vc_row][vc_column width=&#8221;1\/4&#8243;][vc_raw_html el_class=&#8221;certificados&#8221;]JTNDZGl2JTIwaWQlM0QlMjJjZXJ0aWZpY2Fkby1wdW50YSUyMiUzRSUzQyUyRmRpdiUzRSUwQQ==[\/vc_raw_html][\/vc_column][vc_column width=&#8221;3\/4&#8243; el_class=&#8221;excellence&#8221;][vc_column_text]<strong>EXCEL\u00caNCIA EM TODOS OS NOSSOS TOURS<\/strong>[\/vc_column_text][vc_column_text]\n<p>Centenas de coment\u00e1rios com certificado de qualidade proporcionados pela TripAdvisor como melhor refer\u00eancia.<\/p>\n[\/vc_column_text][vc_raw_html]JTNDYSUyMGhyZWYlM0QlMjJodHRwcyUzQSUyRiUyRnd3dy50cmlwYWR2aXNvci5jb20lMkZBdHRyYWN0aW9uX1Jldmlldy1nMjk0MzIzLWQyNDAzMDIwLVJldmlld3MtQmlrZV9Ub3Vyc19Nb250ZXZpZGVvLU1vbnRldmlkZW9fTW9udGV2aWRlb19EZXBhcnRtZW50Lmh0bWwlMjIlMjB0YXJnZXQlM0QlMjJfYmxhbmslMjIlM0VWZXIlMjBSZXZpZXdzJTIwcGFyYSUyME1vbnRldmlkZW8lM0MlMkZhJTNFJTIwJTdDJTIwJTNDYSUyMHN0eWxlJTNEJTIyd2hpdGUtc3BhY2UlM0ElMjBub3dyYXAlMjIlMjBocmVmJTNEJTIyaHR0cHMlM0ElMkYlMkZ3d3cudHJpcGFkdmlzb3IuY29tJTJGQXR0cmFjdGlvbl9SZXZpZXctZzI5NDA2Ni1kMTk5OTM5NC1SZXZpZXdzLUJpa2VfVG91cnNfUHVudGFfZGVsX0VzdGUtUHVudGFfZGVsX0VzdGVfTWFsZG9uYWRvX0RlcGFydG1lbnQuaHRtbCUyMiUyMHRhcmdldCUzRCUyMl9ibGFuayUyMiUzRVZlciUyMFJldmlld3MlMjBwYXJhJTIwUHVudGElMjBkZWwlMjBFc3RlJTNDJTJGYSUzRQ==[\/vc_raw_html][mk_padding_divider size=&#8221;20&#8243;][\/vc_column][\/vc_row][vc_row][vc_column][vc_raw_js]JTNDc2NyaXB0JTIwdHlwZSUzRCUyMnRleHQlMkZqYXZhc2NyaXB0JTIyJTNFJTIwJTBBalF1ZXJ5JTI4JTI3LmVNb2RhbC0xJTI3JTI5LmNsaWNrJTI4ZnVuY3Rpb24lMjhlJTI5JTdCJTBBJTIwJTIwZS5wcmV2ZW50RGVmYXVsdCUyOCUyOSUzQiUwQSUyMCUyMHZhciUyMCUyNHRoaXMlMjAlM0QlMjBqUXVlcnklMjh0aGlzJTI5JTNCJTBBJTIwJTIwdmFyJTIwJTI0bW9kYWwlMjAlM0QlMjBqUXVlcnklMjglMjclMjNlTW9kYWwtMSUyNyUyOSUzQiUwQSUyMCUyMHZhciUyMHRvdXIlMjAlM0QlMjAlMjR0aGlzLmRhdGElMjglMjd0b3VyJTI3JTI5JTNCJTBBJTIwJTIwalF1ZXJ5JTI4JTI3aW5wdXQlNUJuYW1lJTNEdG91ciU1RCUyNyUyQyUyMCUyNG1vZGFsJTI5LnZhbCUyOHRvdXIlMjklM0IlMEElMjAlMjAlMjRtb2RhbC5lbW9kYWwlMjglMjdvcGVuJTI3JTI5JTNCJTBBJTdEJTI5JTNCJTBBalF1ZXJ5JTI4JTI3LmVNb2RhbC0yJTI3JTI5LmNsaWNrJTI4ZnVuY3Rpb24lMjhlJTI5JTdCJTBBJTIwJTIwZS5wcmV2ZW50RGVmYXVsdCUyOCUyOSUzQiUwQSUyMCUyMHZhciUyMCUyNHRoaXMlMjAlM0QlMjBqUXVlcnklMjh0aGlzJTI5JTNCJTBBJTIwJTIwdmFyJTIwJTI0bW9kYWwlMjAlM0QlMjBqUXVlcnklMjglMjclMjNlTW9kYWwtMiUyNyUyOSUzQiUwQSUyMCUyMHZhciUyMHRvdXIlMjAlM0QlMjAlMjR0aGlzLmRhdGElMjglMjd0b3VyJTI3JTI5JTNCJTBBJTIwJTIwalF1ZXJ5JTI4JTI3aW5wdXQlNUJuYW1lJTNEdG91ciU1RCUyNyUyQyUyMCUyNG1vZGFsJTI5LnZhbCUyOHRvdXIlMjklM0IlMEElMjAlMjAlMjRtb2RhbC5lbW9kYWwlMjglMjdvcGVuJTI3JTI5JTNCJTBBJTdEJTI5JTNCJTNDJTJGc2NyaXB0JTNF[\/vc_raw_js][\/vc_column][\/vc_row]\n","protected":false},"excerpt":{"rendered":"<p>[mk_page_section bg_image=&#8221;https:\/\/biketoursuruguay.com\/wp-content\/uploads\/2022\/04\/WhatsApp-Image-2022-04-12-at-3.03.23-PM.jpeg&#8221; bg_color=&#8221;#b7b7b7&#8243; bg_position=&#8221;center center&#8221; bg_stretch=&#8221;true&#8221; video_loop=&#8221;false&#8221; video_mask=&#8221;true&#8221; video_color_mask=&#8221;#e0e0e0&#8243; video_opacity=&#8221;0.1&#8243; min_height=&#8221;0&#8243; full_width=&#8221;true&#8221; padding_top=&#8221;20&#8243; padding_bottom=&#8221;0&#8243; top_shape_color=&#8221;#ffffff&#8221; bottom_shape_color=&#8221;#ffffff&#8221; el_class=&#8221;header-title&#8221; sidebar=&#8221;sidebar-1&#8243;][vc_column][mk_fancy_title tag_name=&#8221;span&#8221; color=&#8221;#ffffff&#8221; size=&#8221;30&#8243; margin_top=&#8221;10&#8243; margin_bottom=&#8221;10&#8243; font_family=&#8221;none&#8221; align=&#8221;center&#8221; el_class=&#8221;fancy-title&#8221;][\/mk_fancy_title][mk_fancy_title tag_name=&#8221;span&#8221; color=&#8221;#ffffff&#8221; size=&#8221;20&#8243; margin_top=&#8221;10&#8243; margin_bottom=&#8221;10&#8243; font_family=&#8221;none&#8221; align=&#8221;center&#8221; el_class=&#8221;fancy-title2&#8243;]As aventuras v\u00eam conosco fora de nossas fronteiras. Siga-nos no tour internacional.[\/mk_fancy_title][\/vc_column][\/mk_page_section][vc_row css=&#8221;.vc_custom_1593975056316{margin-top: 20px !important;border-top-width: 1px !important;border-right-width: 1px !important;border-bottom-width: 1px !important;border-left-width: 1px [&hellip;]<\/p>\n","protected":false},"author":1,"featured_media":0,"parent":11,"menu_order":0,"comment_status":"closed","ping_status":"closed","template":"","meta":{"footnotes":""},"class_list":["post-6239","page","type-page","status-publish","hentry"],"_links":{"self":[{"href":"https:\/\/biketoursuruguay.com\/br\/wp-json\/wp\/v2\/pages\/6239","targetHints":{"allow":["GET"]}}],"collection":[{"href":"https:\/\/biketoursuruguay.com\/br\/wp-json\/wp\/v2\/pages"}],"about":[{"href":"https:\/\/biketoursuruguay.com\/br\/wp-json\/wp\/v2\/types\/page"}],"author":[{"embeddable":true,"href":"https:\/\/biketoursuruguay.com\/br\/wp-json\/wp\/v2\/users\/1"}],"replies":[{"embeddable":true,"href":"https:\/\/biketoursuruguay.com\/br\/wp-json\/wp\/v2\/comments?post=6239"}],"version-history":[{"count":5,"href":"https:\/\/biketoursuruguay.com\/br\/wp-json\/wp\/v2\/pages\/6239\/revisions"}],"predecessor-version":[{"id":6379,"href":"https:\/\/biketoursuruguay.com\/br\/wp-json\/wp\/v2\/pages\/6239\/revisions\/6379"}],"up":[{"embeddable":true,"href":"https:\/\/biketoursuruguay.com\/br\/wp-json\/wp\/v2\/pages\/11"}],"wp:attachment":[{"href":"https:\/\/biketoursuruguay.com\/br\/wp-json\/wp\/v2\/media?parent=6239"}],"curies":[{"name":"wp","href":"https:\/\/api.w.org\/{rel}","templated":true}]}}