{"id":698,"date":"2016-07-24T00:33:52","date_gmt":"2016-07-24T00:33:52","guid":{"rendered":"http:\/\/new.biketoursuruguay.com\/?page_id=698"},"modified":"2024-09-27T13:24:10","modified_gmt":"2024-09-27T13:24:10","slug":"tours-tematicos","status":"publish","type":"page","link":"https:\/\/biketoursuruguay.com\/br\/tours\/tours-tematicos\/","title":{"rendered":"Tours tem\u00e1ticos"},"content":{"rendered":"[mk_page_section bg_image=&#8221;http:\/\/new.biketoursuruguay.com\/wp-content\/uploads\/2016\/07\/gotico.jpg&#8221; bg_color=&#8221;#b7b7b7&#8243; bg_position=&#8221;center top&#8221; bg_stretch=&#8221;true&#8221; video_loop=&#8221;false&#8221; video_mask=&#8221;true&#8221; video_color_mask=&#8221;#e0e0e0&#8243; video_opacity=&#8221;0.1&#8243; min_height=&#8221;0&#8243; full_width=&#8221;true&#8221; padding_top=&#8221;20&#8243; padding_bottom=&#8221;0&#8243; top_shape_color=&#8221;#ffffff&#8221; bottom_shape_color=&#8221;#ffffff&#8221; el_class=&#8221;header-title&#8221; sidebar=&#8221;sidebar-1&#8243;][vc_column][mk_fancy_title tag_name=&#8221;span&#8221; color=&#8221;#ffffff&#8221; size=&#8221;30&#8243; margin_top=&#8221;10&#8243; margin_bottom=&#8221;10&#8243; font_family=&#8221;none&#8221; align=&#8221;center&#8221; el_class=&#8221;fancy-title&#8221;]<strong style=\"color: white;\">TOURS<\/strong><\/p>\n<p><strong style=\"color: white;\">TEM\u00c1TICOS<\/strong>[\/mk_fancy_title][mk_fancy_title tag_name=&#8221;span&#8221; color=&#8221;#ffffff&#8221; size=&#8221;20&#8243; margin_top=&#8221;10&#8243; margin_bottom=&#8221;0&#8243; font_family=&#8221;none&#8221; align=&#8221;center&#8221; el_class=&#8221;fancy-title2&#8243;]H\u00e1 melhor maneira de entender e conhecer profundamente um lugar do que pedalando? Nossos tours tem\u00e1ticos o ajudar\u00e3o a descobrir mais sobre a nossa cultura e nossas lindas paisagens.[\/mk_fancy_title][\/vc_column][\/mk_page_section][vc_row css=&#8221;.vc_custom_1593975056316{margin-top: 20px !important;border-top-width: 1px !important;border-right-width: 1px !important;border-bottom-width: 1px !important;border-left-width: 1px !important;background-color: #f9f9f9 !important;border-left-color: #d1d1d1 !important;border-right-color: #d1d1d1 !important;border-top-color: #d1d1d1 !important;border-bottom-color: #d1d1d1 !important;}&#8221;][vc_column][mk_padding_divider size=&#8221;20&#8243;][vc_row_inner][vc_column_inner width=&#8221;2\/3&#8243;][mk_image src=&#8221;https:\/\/biketoursuruguay.com\/wp-content\/uploads\/2020\/07\/coronavirus_pt.png&#8221; image_size=&#8221;full&#8221; link=&#8221;\/br\/coronavirus&#8221; el_class=&#8221;no-mobile&#8221;][mk_image src=&#8221;https:\/\/biketoursuruguay.com\/wp-content\/uploads\/2020\/07\/coronavirus-mobile_pt.png&#8221; image_size=&#8221;full&#8221; link=&#8221;\/br\/coronavirus&#8221; el_class=&#8221;mobile&#8221;][\/vc_column_inner][vc_column_inner width=&#8221;1\/3&#8243;][vc_column_text]<strong>Combatemos a pandemia de coronav\u00edrus juntos.<\/strong><br \/>\nNo Bike Tours Uruguay tomamos todas as medidas para evitar o COVID-19. <a href=\"https:\/\/biketoursuruguay.com\/br\/coronavirus\/\">Veja mais<\/a>.[\/vc_column_text][\/vc_column_inner][\/vc_row_inner][mk_padding_divider size=&#8221;20&#8243;][\/vc_column][\/vc_row][vc_row][vc_column][vc_raw_html]JTNDZGl2JTIwc3R5bGUlM0QlMjJ0ZXh0LWFsaWduJTNBcmlnaHQlM0JtYXJnaW4tdG9wJTNBMWVtJTNCJTIwbWFyZ2luLXJpZ2h0JTNBJTIwNTBweCUyMiUzRSUzQyUyRmRpdiUzRQ==[\/vc_raw_html][vc_raw_html]JTNDZGl2JTIwY2xhc3MlM0QlMjJuYXZpZ2F0aW9uJTIyJTIwc3R5bGUlM0QlMjJib3JkZXItYm90dG9tJTNBJTIwMXB4JTIwc29saWQlMjAlMjNjY2MlM0JtYXJnaW4tdG9wJTNBMC41ZW0lMjIlM0UlM0NhJTIwc3R5bGUlM0QlMjJ3aGl0ZS1zcGFjZSUzQW5vd3JhcCUzQiUyMiUyMGhyZWYlM0QlMjIlMkZiciUyRnRvdXJzJTJGdG91cnMtZW4tbW9udGV2aWRlbyUyMiUzRVRvdXJzJTIwZW0lMjBNb250ZXZpZCVDMyVBOXUlM0MlMkZhJTNFJTIwJTJGJTIwJTNDYSUyMGhyZWYlM0QlMjIlMkZiciUyRnRvdXJzJTJGdG91cnMtZW4tcHVudGEtZGVsLWVzdGUlMjIlMjBzdHlsZSUzRCUyMndoaXRlLXNwYWNlJTNBbm93cmFwJTNCJTIyJTNFVG91cnMlMjBlbSUyMFB1bnRhJTIwZGVsJTIwRXN0ZSUzQyUyRmElM0UlMjAlMkYlMjAlM0NzdHJvbmclMjBzdHlsZSUzRCUyMndoaXRlLXNwYWNlJTNBbm93cmFwJTNCJTIyJTNFVG91cnMlMjB0ZW0lQzMlQTF0aWNvcyUzQyUyRnN0cm9uZyUzRSUyMCUyRiUyMCUzQ2ElMjBocmVmJTNEJTIyJTJGYnIlMkZ0b3VycyUyRnRvdXJzLWxhcmdvcyUyRiUyMiUyMHN0eWxlJTNEJTIyd2hpdGUtc3BhY2UlM0Fub3dyYXAlM0IlMjIlM0VUb3VycyUyMGxvbmdvcyUzQyUyRmElM0UlMjAlMkYlMjAlM0NhJTIwaHJlZiUzRCUyMiUyRmJyJTJGdG91cnMlMkZ0dXJpc21vLWFjY2VzaWJsZSUyRiUyMiUyMHN0eWxlJTNEJTIyd2hpdGUtc3BhY2UlM0Fub3dyYXAlM0IlMjIlM0VUdXJpc21vJTIwYWNjZXMlQzMlQUR2ZWwlM0MlMkZhJTNFJTNDJTJGZGl2JTNF[\/vc_raw_html][\/vc_column][\/vc_row][vc_row css=&#8221;.vc_custom_1470499191749{background-color: #ededed !important;}&#8221;][vc_column width=&#8221;1\/2&#8243;][vc_column_text]\n<p style=\"margin-left: 1em; text-align: left; margin-top: 1em;\"><span style=\"text-align: center; font-weight: bold; font-size: 30px; color: #5e5e5e;\">MUSEUS <\/span><\/p>\n<div style=\"margin-left: 1em; margin-bottom: 1em; text-align: left; font-weight: bold; font-size: 20px; color: black;\">EM MAIO<\/div>\n[\/vc_column_text][\/vc_column][vc_column width=&#8221;1\/2&#8243; el_class=&#8221;acciones-tour&#8221;][vc_raw_html]JTNDYnV0dG9uJTIwZGF0YS10b3VyJTNEJTIyTXVzZXVzJTIwZW0lMjBNYWlvJTIyJTIwY2xhc3MlM0QlMjJlTW9kYWwtNiUyMHZjX2dlbmVyYWwlMjB2Y19idG4zJTIwdmNfYnRuMy1zaXplLW1kJTIwdmNfYnRuMy1zaGFwZS1zcXVhcmUlMjB2Y19idG4zLXN0eWxlLWZsYXQlMjB2Y19idG4zLWNvbG9yLWRlZmF1bHQlMjIlM0VDb25zdWx0YXIlM0MlMkZidXR0b24lM0UlMEElM0NidXR0b24lMjBkYXRhLXRvdXIlM0QlMjJNdXNldXMlMjBlbSUyME1haW8lMjIlMjBjbGFzcyUzRCUyMmVNb2RhbC03JTIwdmNfZ2VuZXJhbCUyMHZjX2J0bjMlMjB2Y19idG4zLXNpemUtbWQlMjB2Y19idG4zLXNoYXBlLXNxdWFyZSUyMHZjX2J0bjMtc3R5bGUtZmxhdCUyMHZjX2J0bjMtY29sb3ItcHJpbWFyeSUyMiUzRVJlc2VydmUlM0MlMkZidXR0b24lM0U=[\/vc_raw_html][\/vc_column][\/vc_row][vc_row][vc_column][vc_raw_html]JTNDZGl2JTIwc3R5bGUlM0QlMjJtYXJnaW4tdG9wJTNBJTIwMC41ZW0lM0IlMjBtYXJnaW4tYm90dG9tJTNBJTIwLTFlbSUyMiUzRSUwQSUzQ3NwYW4lMjBzdHlsZSUzRCUyMm1hcmdpbi1yaWdodCUzQSUyMDFlbSUzQndoaXRlLXNwYWNlJTNBbm93cmFwJTNCJTIyJTNFJTNDc3BhbiUyMHN0eWxlJTNEJTIyZm9udC1zaXplJTNBJTIwMTVweCUyMiUyMGNsYXNzJTNEJTIydmNfaWNvbl9lbGVtZW50LWljb24lMjBmYSUyMGZhLWNsb2NrLW8lMjIlM0UlM0MlMkZzcGFuJTNFJTIwRHVyYSVDMyVBNyVDMyVBM28lM0ElMjAzJTIwYSUyMDUlMjBob3JhcyUzQyUyRnNwYW4lM0UlMEElM0NzcGFuJTIwc3R5bGUlM0QlMjJtYXJnaW4tcmlnaHQlM0ElMjAxZW0lM0J3aGl0ZS1zcGFjZSUzQW5vd3JhcCUzQiUyMiUzRSUzQ3NwYW4lMjBzdHlsZSUzRCUyMmZvbnQtc2l6ZSUzQSUyMDE1cHglMjIlMjBjbGFzcyUzRCUyMnZjX2ljb25fZWxlbWVudC1pY29uJTIwZmElMjBmYS1ib2x0JTIyJTNFJTNDJTJGc3BhbiUzRSUyMERlbWFuZGElMjBmJUMzJUFEc2ljYSUzQSUyME0lQzMlQTlkaWElM0MlMkZzcGFuJTNFJTBBJTNDc3BhbiUyMHN0eWxlJTNEJTIybWFyZ2luLXJpZ2h0JTNBJTIwMWVtJTNCd2hpdGUtc3BhY2UlM0Fub3dyYXAlM0IlMjIlM0UlM0NzcGFuJTIwc3R5bGUlM0QlMjJmb250LXNpemUlM0ElMjAxNXB4JTIyJTIwY2xhc3MlM0QlMjJ2Y19pY29uX2VsZW1lbnQtaWNvbiUyMGZhJTIwZmEtYmljeWNsZSUyMiUzRSUzQyUyRnNwYW4lM0UlMjA5MCUyNSUyMHN1cGVyZiVDMyVBRGNpZSUyMHBsYW5hJTNDJTJGc3BhbiUzRSUwQSUzQyUyRmRpdiUzRSUwQQ==[\/vc_raw_html][vc_accordions style=&#8221;simple-style&#8221; action_style=&#8221;toggle-action&#8221; container_bg_color=&#8221;#ffffff&#8221; responsive=&#8221;false&#8221;][vc_accordion_tab title=&#8221;Info&#8221;][vc_row_inner][vc_column_inner width=&#8221;1\/2&#8243;][mk_image src=&#8221;http:\/\/new.biketoursuruguay.com\/wp-content\/uploads\/2016\/07\/rsz_museos.jpg&#8221; image_width=&#8221;640&#8243; image_height=&#8221;480&#8243;][vc_btn title=&#8221;Ver galeria&#8221; style=&#8221;flat&#8221; shape=&#8221;square&#8221; color=&#8221;primary&#8221; i_icon_fontawesome=&#8221;fa fa-camera&#8221; css=&#8221;.vc_custom_1473526764939{margin-top: 20px !important;margin-bottom: 20px !important;}&#8221; add_icon=&#8221;true&#8221; link=&#8221;url:http%3A%2F%2Fbiketoursuruguay.com%2Fbr%2Fbwg_gallery%2Fmuseos-en-mayo%2F|||&#8221;][\/vc_column_inner][vc_column_inner width=&#8221;1\/2&#8243;][vc_column_text]\n<div class=\"page\" title=\"Page 1\">\n<div class=\"section\">\n<div class=\"layoutArea\">\n<div class=\"column\">\n<p><strong>Uma nova maneira de visitar os Museus de Montevid\u00e9u<\/strong><\/p>\n<p>Quatro propostas diferentes para percorrer Museus durante a celebra\u00e7\u00e3o da semana dos Museus no m\u00eas de <strong>Maio<\/strong>. O tour consiste em visitas guiadas dentro dos museus que s\u00e3o agendadas previamente.\u00a0Cada ano se incorporam novas op\u00e7\u00f5es de museus.<\/p>\n<p><strong>Oferta atual<\/strong><\/p>\n<ul>\n<li>&#8211; Ciudad Vieja e Centro<\/li>\n<li>&#8211; Buceo para\u00a0Carrasco<\/li>\n<li>&#8211; Prado<\/li>\n<li>&#8211; Centro e Parque Rod\u00f3<\/li>\n<\/ul>\n<\/div>\n<\/div>\n<\/div>\n<\/div>\n[\/vc_column_text][\/vc_column_inner][\/vc_row_inner][\/vc_accordion_tab][vc_accordion_tab title=&#8221;Ciudad Vieja e Centro&#8221;][vc_row_inner][vc_column_inner width=&#8221;1\/2&#8243;][mk_image src=&#8221;http:\/\/new.biketoursuruguay.com\/wp-content\/uploads\/2016\/07\/rsz_museos-cv-1.jpg&#8221;][\/vc_column_inner][vc_column_inner width=&#8221;1\/2&#8243;][vc_column_text]Sa\u00edda do Museu do Carnaval, visitando mais de 8 museus com uma perman\u00eancia de 20\u00b4 em cada um para apreciar sua hist\u00f3ria cultural:<\/p>\n<div class=\"page\" title=\"Page 1\">\n<div class=\"section\">\n<div class=\"layoutArea\">\n<div class=\"column\">\n<p>MAPI, Pra\u00e7a Zabala, Museu Interativo do INAC, Cabildo, Pra\u00e7a Matriz &#8211; Fonte -, Ao P\u00e9 da Muralha, MUMI, Museu Militar.<\/p>\n<p>Regresso ao ponto de partida.<\/p>\n<\/div>\n<\/div>\n<\/div>\n<\/div>\n[\/vc_column_text][\/vc_column_inner][\/vc_row_inner][\/vc_accordion_tab][vc_accordion_tab title=&#8221;Buceo para Carrasco&#8221;][vc_row_inner][vc_column_inner width=&#8221;1\/2&#8243;][mk_image src=&#8221;http:\/\/new.biketoursuruguay.com\/wp-content\/uploads\/2016\/07\/rsz_museos-buceo.jpg&#8221;][\/vc_column_inner][vc_column_inner width=&#8221;1\/2&#8243;][vc_column_text]Sa\u00edda da Kib\u00f3n. Visita\u00e7\u00e3o: Museu Naval, Yatch Club , Museu dos Engenheiros, Ramblas, Casa do Gardel, Punta Gorda e Sofitel Carrasco.<\/p>\n<p>Regresso ao ponto de partida.[\/vc_column_text][\/vc_column_inner][\/vc_row_inner][\/vc_accordion_tab][vc_accordion_tab title=&#8221;Prado&#8221;][vc_row_inner][vc_column_inner width=&#8221;1\/2&#8243;][mk_image src=&#8221;http:\/\/new.biketoursuruguay.com\/wp-content\/uploads\/2016\/07\/rsz_prado.jpg&#8221;][\/vc_column_inner][vc_column_inner width=&#8221;1\/2&#8243;][vc_column_text]Sa\u00edda do Museu Blanes onde se entra para visita\u00e7\u00e3o.<\/p>\n<p>Segue-se para o Jardim Japon\u00eas, Rosedal, Monumento aos Charr\u00faas, Monumento \u00e0 Delig\u00eancia, Passeio pelo bairro do Prado, Hotel do Prado, Jardim Bot\u00e2nico, Casa Presidencial, Castelo Soneira. Regresso ao ponto de partida.[\/vc_column_text][\/vc_column_inner][\/vc_row_inner][\/vc_accordion_tab][vc_accordion_tab title=&#8221;Centro e Parque Rod\u00f3&#8221;][vc_row_inner][vc_column_inner width=&#8221;1\/2&#8243;][mk_image src=&#8221;http:\/\/new.biketoursuruguay.com\/wp-content\/uploads\/2016\/07\/museos-centro.png&#8221; image_height=&#8221;400&#8243;][\/vc_column_inner][vc_column_inner width=&#8221;1\/2&#8243;][vc_column_text]\n<div class=\"page\" title=\"Page 1\">\n<div class=\"section\">\n<div class=\"layoutArea\">\n<div class=\"column\">\n<p>Sa\u00edda do Museu MUHAR onde se ingressa com visita guiada. A pr\u00f3xima parada ser\u00e1 no Museu de artes Visuais no Parque Rod\u00f3 percorrendo as \u00e1reas da exposi\u00e7\u00e3o aberta de fotografias com temas diversos.<\/p>\n<p>Regresso ao ponto de partida.<\/p>\n<\/div>\n<\/div>\n<\/div>\n<\/div>\n[\/vc_column_text][\/vc_column_inner][\/vc_row_inner][\/vc_accordion_tab][vc_accordion_tab title=&#8221;Equipamento inclu\u00eddo&#8221;][vc_column_text]<span style=\"font-weight: 400;\">&#8211; Guia em Espanhol, Ingl\u00eas<\/span><span style=\"font-weight: 400;\"><br \/>\n<\/span><span style=\"font-weight: 400;\">&#8211; Bicicletas de alum\u00ednio com 21 marchas<\/span><span style=\"font-weight: 400;\"><br \/>\n<\/span><span style=\"font-weight: 400;\">&#8211; Capacete com prote\u00e7\u00e3o UV<\/span><span style=\"font-weight: 400;\"><br \/>\n<\/span><span style=\"font-weight: 400;\">&#8211; Hidrata\u00e7\u00e3o<\/span><span style=\"font-weight: 400;\"><br \/>\n<\/span><span style=\"font-weight: 400;\">&#8211; Assist\u00eancia m\u00e9dica <\/span>[\/vc_column_text][\/vc_accordion_tab][\/vc_accordions][\/vc_column][\/vc_row][vc_row css=&#8221;.vc_custom_1470499191749{background-color: #ededed !important;}&#8221;][vc_column width=&#8221;1\/2&#8243;][vc_column_text]\n<p style=\"margin-left: 1em; text-align: left; margin-top: 1em;\"><span style=\"text-align: center; font-weight: bold; font-size: 30px; color: #5e5e5e;\">BICI + AVES + CULTURA <\/span><\/p>\n<div style=\"margin-left: 1em; margin-bottom: 1em; text-align: left; font-weight: bold; font-size: 20px; color: black;\">Ano enteiro<\/div>\n[\/vc_column_text][\/vc_column][vc_column width=&#8221;1\/2&#8243; el_class=&#8221;acciones-tour&#8221;][vc_raw_html]JTNDYnV0dG9uJTIwZGF0YS10b3VyJTNEJTIyQmljaSUyMCUyQiUyMEF2ZXMlMjAlMkIlMjBDdWx0dXJhJTIyJTIwY2xhc3MlM0QlMjJlTW9kYWwtNiUyMHZjX2dlbmVyYWwlMjB2Y19idG4zJTIwdmNfYnRuMy1zaXplLW1kJTIwdmNfYnRuMy1zaGFwZS1zcXVhcmUlMjB2Y19idG4zLXN0eWxlLWZsYXQlMjB2Y19idG4zLWNvbG9yLWRlZmF1bHQlMjIlM0VDb25zdWx0YXIlM0MlMkZidXR0b24lM0UlMEElM0NidXR0b24lMjBkYXRhLXRvdXIlM0QlMjJCaWNpcyUyMCUyQiUyMEF2ZXMlMjAlMkIlMjBDdWx0dXJhJTIyJTIwY2xhc3MlM0QlMjJlTW9kYWwtNyUyMHZjX2dlbmVyYWwlMjB2Y19idG4zJTIwdmNfYnRuMy1zaXplLW1kJTIwdmNfYnRuMy1zaGFwZS1zcXVhcmUlMjB2Y19idG4zLXN0eWxlLWZsYXQlMjB2Y19idG4zLWNvbG9yLXByaW1hcnklMjIlM0VSZXNlcnZlJTNDJTJGYnV0dG9uJTNF[\/vc_raw_html][\/vc_column][\/vc_row][vc_row][vc_column][vc_column_text]\n[\/vc_column_text][vc_row_inner][vc_column_inner width=&#8221;1\/2&#8243;][mk_image src=&#8221;https:\/\/biketoursuruguay.com\/wp-content\/uploads\/2022\/11\/ostrero.jpg&#8221; image_width=&#8221;640&#8243; image_height=&#8221;480&#8243;][vc_btn title=&#8221;Ver galeria&#8221; style=&#8221;flat&#8221; shape=&#8221;square&#8221; color=&#8221;primary&#8221; i_icon_fontawesome=&#8221;fa fa-camera&#8221; css=&#8221;.vc_custom_1669212624310{margin-top: 20px !important;margin-bottom: 20px !important;}&#8221; add_icon=&#8221;true&#8221; link=&#8221;url:https%3A%2F%2Fbiketoursuruguay.com%2Fbwg_gallery%2Fbici-aves-cultura%2F|title:Bici%20%2B%20Aves%20%2B%20Cultura||&#8221;][\/vc_column_inner][vc_column_inner width=&#8221;1\/2&#8243;][vc_column_text]\n<div class=\"page\" title=\"Page 1\">\n<div class=\"section\">\n<div class=\"layoutArea\">\n<div class=\"column\">\n<p><strong>Uma combina\u00e7\u00e3o perfeita de esporte &#8211; observa\u00e7\u00e3o de p\u00e1ssaros e cultura em Punta del Este<\/strong><\/p>\n<p>Enquanto fazemos nosso cl\u00e1ssico passeio pela Pen\u00ednsula de Punta del Este, nos deparamos com as famosas \u00e1reas rochosas. T\u00edpico local de ref\u00fagio de aves migrat\u00f3rias, podemos observar as seguintes aves:<\/p>\n<ul>\n<li style=\"list-style-type: none;\">\n<ul>\n<li><strong>Pega-do-mar, Bigu\u00e1s, Macaca Grande, Gar\u00e7a-branca, Gaivota-do-mar, Torrone, Gaivota-rabo-comprida, Gaivota-real, Gaivota-de-cabe\u00e7a-parda, Ma\u00e7arico-de-cauda-branca , Ma\u00e7arico-de-patas-amarelas ,Pombo-da-ant\u00e1rtica, Andorinha-azul, Teros, Tordo-comum, Petrel-das-barcos<\/strong><\/li>\n<\/ul>\n<\/li>\n<\/ul>\n<p>para citar um exemplo entre muitos outros<\/p>\n<ul>\n<li style=\"list-style-type: none;\">\n<ul>\n<li>Aves migrat\u00f3rias que ano ap\u00f3s ano procuram repouso nas nossas costas. Somos um pa\u00eds privilegiado no Continente . A <strong>Am\u00e9rica do Sul<\/strong> tem uma \u00e1rea de 178.840,00 km2 e possui <strong>3.300 esp\u00e9cies<\/strong>. O <span style=\"color: #0000ff;\">Uruguai<\/span> tem uma \u00e1rea de 176.000 km2 e possui cerca de<span style=\"color: #0000ff;\"> 500 esp\u00e9cies,<\/span> o que representa <span style=\"color: #0000ff;\">14%<\/span> de todas as esp\u00e9cies sul-americanas em nosso territ\u00f3rio. Estas esp\u00e9cies de aves est\u00e3o representadas entre locais e migrat\u00f3rias, sendo o departamento de <strong>Maldonado<\/strong> o <strong>maior benefici\u00e1rio<\/strong> de sua variedade no pa\u00eds, podendo encontrar <span style=\"color: #0000ff;\">mais de 300 tipos<\/span>, o que representa <span style=\"color: #0000ff;\">63%<\/span> dos encontrados em todo o pa\u00eds. Maldonado tem montanhas, campos, lagoas, p\u00e2ntanos, rochas, rio e oceano, o que significa que existem diferentes circuitos para entrada, descanso e alimenta\u00e7\u00e3o de uma porcentagem muito alta de aves em nossa \u00e1rea em rela\u00e7\u00e3o \u00e0 quantidade encontrada em todo o Uruguai<\/li>\n<li><span style=\"color: #0000ff;\"><span style=\"color: #0000ff;\"><strong><strong>PUNTA DEL ESTE<br \/>\n<\/strong><\/strong><\/span><\/span><\/li>\n<li>O circuito Come\u00e7a na Rambla de la Mansa, come\u00e7ando na parada 3 e depois percorrendo e conhecendo os diferentes pontos emblem\u00e1ticos de Punta del Este com sua hist\u00f3ria e cultura contadas por guias profissionais. Enquanto fazemos paradas nos seguintes pontos, desceremos at\u00e9 a costa de Roquedales para poder observar as aves que nos visitam dependendo da \u00e9poca do ano. Os pontos s\u00e3o:- Porto de Punta del Este com suas aves caracter\u00edsticas- Roquedal de Boca Chica<br \/>\n&#8211; Roquedal de las Mesitas<br \/>\n&#8211; Roquedal de Punta Salinas<br \/>\n&#8211; Roquedal del Atl\u00e1ntico<br \/>\n&#8211; Roquedal de Punta Vapor<br \/>\n&#8211; El Emir<br \/>\n&#8211; La Mano<strong>Recomendamos:<\/strong> trazer sapatos confort\u00e1veis \u200b\u200bpara a bicicleta e descer at\u00e9 as rochas. Lente e c\u00e2mera para levar sua foto favorita de recorda\u00e7\u00e3o!<\/li>\n<\/ul>\n<\/li>\n<\/ul>\n<\/div>\n<\/div>\n<\/div>\n[\/vc_column_text][\/vc_column_inner][\/vc_row_inner][\/vc_column][\/vc_row][vc_row][vc_column][mk_padding_divider][\/vc_column][\/vc_row][vc_row][vc_column width=&#8221;1\/4&#8243;][vc_raw_html el_class=&#8221;certificados&#8221;]JTNDZGl2JTIwaWQlM0QlMjJjZXJ0aWZpY2Fkby1wdW50YSUyMiUzRSUzQyUyRmRpdiUzRSUwQQ==[\/vc_raw_html][\/vc_column][vc_column width=&#8221;3\/4&#8243; el_class=&#8221;excellence&#8221;][vc_column_text]\n<p style=\"text-align: left;\"><span style=\"text-align: center; font-weight: bold; font-size: 20px; color: black;\">EXCEL\u00caNCIA EM TODOS OS NOSSOS TOURS<\/span><\/p>\n[\/vc_column_text][vc_column_text]\n<p style=\"text-align: left;\">Centenas de coment\u00e1rios com certificado de qualidade proporcionados pela TripAdvisor como melhor refer\u00eancia.<\/p>\n[\/vc_column_text][vc_raw_html]JTNDYSUyMGhyZWYlM0QlMjJodHRwcyUzQSUyRiUyRnd3dy50cmlwYWR2aXNvci5jb20lMkZBdHRyYWN0aW9uX1Jldmlldy1nMjk0MzIzLWQyNDAzMDIwLVJldmlld3MtQmlrZV9Ub3Vyc19Nb250ZXZpZGVvLU1vbnRldmlkZW9fTW9udGV2aWRlb19EZXBhcnRtZW50Lmh0bWwlMjIlMjB0YXJnZXQlM0QlMjJfYmxhbmslMjIlM0VMZWlhJTIwb3MlMjBjb21lbnQlQzMlQTFyaW9zJTIwZW0lMjBNb250ZXZpZCVDMyVBOXUlM0MlMkZhJTNFJTIwJTdDJTIwJTNDYSUyMHN0eWxlJTNEJTIyd2hpdGUtc3BhY2UlM0ElMjBub3dyYXAlMjIlMjBocmVmJTNEJTIyaHR0cHMlM0ElMkYlMkZ3d3cudHJpcGFkdmlzb3IuY29tJTJGQXR0cmFjdGlvbl9SZXZpZXctZzI5NDA2Ni1kMTk5OTM5NC1SZXZpZXdzLUJpa2VfVG91cnNfUHVudGFfZGVsX0VzdGUtUHVudGFfZGVsX0VzdGVfTWFsZG9uYWRvX0RlcGFydG1lbnQuaHRtbCUyMiUyMHRhcmdldCUzRCUyMl9ibGFuayUyMiUzRUxlaWElMjBvcyUyMGNvbWVudCVDMyVBMXJpb3MlMjBlbSUyMFB1bnRhJTIwZGVsJTIwRXN0ZSUzQyUyRmElM0U=[\/vc_raw_html][mk_padding_divider size=&#8221;20&#8243;][\/vc_column][\/vc_row][vc_row][vc_column][vc_column_text][\/vc_column_text][\/vc_column][\/vc_row][vc_row][vc_column][vc_raw_js]JTNDc2NyaXB0JTIwdHlwZSUzRCUyMnRleHQlMkZqYXZhc2NyaXB0JTIyJTNFJTBBalF1ZXJ5JTI4JTI3LmVNb2RhbC02JTI3JTI5LmNsaWNrJTI4ZnVuY3Rpb24lMjhlJTI5JTdCJTBBJTIwJTIwZS5wcmV2ZW50RGVmYXVsdCUyOCUyOSUzQiUwQSUyMCUyMHZhciUyMCUyNHRoaXMlMjAlM0QlMjBqUXVlcnklMjh0aGlzJTI5JTNCJTBBJTIwJTIwdmFyJTIwJTI0bW9kYWwlMjAlM0QlMjBqUXVlcnklMjglMjclMjNlTW9kYWwtNiUyNyUyOSUzQiUwQSUyMCUyMHZhciUyMHRvdXIlMjAlM0QlMjAlMjR0aGlzLmRhdGElMjglMjd0b3VyJTI3JTI5JTNCJTBBJTIwJTIwalF1ZXJ5JTI4JTI3aW5wdXQlNUJuYW1lJTNEdG91ciU1RCUyNyUyQyUyMCUyNG1vZGFsJTI5LnZhbCUyOHRvdXIlMjklM0IlMEElMjAlMjAlMjRtb2RhbC5lbW9kYWwlMjglMjdvcGVuJTI3JTI5JTNCJTBBJTdEJTI5JTNCJTBBalF1ZXJ5JTI4JTI3LmVNb2RhbC03JTI3JTI5LmNsaWNrJTI4ZnVuY3Rpb24lMjhlJTI5JTdCJTBBJTIwJTIwZS5wcmV2ZW50RGVmYXVsdCUyOCUyOSUzQiUwQSUyMCUyMHZhciUyMCUyNHRoaXMlMjAlM0QlMjBqUXVlcnklMjh0aGlzJTI5JTNCJTBBJTIwJTIwdmFyJTIwJTI0bW9kYWwlMjAlM0QlMjBqUXVlcnklMjglMjclMjNlTW9kYWwtNyUyNyUyOSUzQiUwQSUyMCUyMHZhciUyMHRvdXIlMjAlM0QlMjAlMjR0aGlzLmRhdGElMjglMjd0b3VyJTI3JTI5JTNCJTBBJTIwJTIwalF1ZXJ5JTI4JTI3aW5wdXQlNUJuYW1lJTNEdG91ciU1RCUyNyUyQyUyMCUyNG1vZGFsJTI5LnZhbCUyOHRvdXIlMjklM0IlMEElMjAlMjAlMjRtb2RhbC5lbW9kYWwlMjglMjdvcGVuJTI3JTI5JTNCJTBBJTdEJTI5JTNCJTNDJTJGc2NyaXB0JTNF[\/vc_raw_js][\/vc_column][\/vc_row][vc_row][vc_column][vc_column_text][\/vc_column_text][\/vc_column][\/vc_row][vc_row][vc_column][vc_column_text]\n<\/div>\n[\/vc_column_text][\/vc_column][\/vc_row]\n","protected":false},"excerpt":{"rendered":"<p>[mk_page_section bg_image=&#8221;http:\/\/new.biketoursuruguay.com\/wp-content\/uploads\/2016\/07\/gotico.jpg&#8221; bg_color=&#8221;#b7b7b7&#8243; bg_position=&#8221;center top&#8221; bg_stretch=&#8221;true&#8221; video_loop=&#8221;false&#8221; video_mask=&#8221;true&#8221; video_color_mask=&#8221;#e0e0e0&#8243; video_opacity=&#8221;0.1&#8243; min_height=&#8221;0&#8243; full_width=&#8221;true&#8221; padding_top=&#8221;20&#8243; padding_bottom=&#8221;0&#8243; top_shape_color=&#8221;#ffffff&#8221; bottom_shape_color=&#8221;#ffffff&#8221; el_class=&#8221;header-title&#8221; sidebar=&#8221;sidebar-1&#8243;][vc_column][mk_fancy_title tag_name=&#8221;span&#8221; color=&#8221;#ffffff&#8221; size=&#8221;30&#8243; margin_top=&#8221;10&#8243; margin_bottom=&#8221;10&#8243; font_family=&#8221;none&#8221; align=&#8221;center&#8221; el_class=&#8221;fancy-title&#8221;]TOURS TEM\u00c1TICOS[\/mk_fancy_title][mk_fancy_title tag_name=&#8221;span&#8221; color=&#8221;#ffffff&#8221; size=&#8221;20&#8243; margin_top=&#8221;10&#8243; margin_bottom=&#8221;0&#8243; font_family=&#8221;none&#8221; align=&#8221;center&#8221; el_class=&#8221;fancy-title2&#8243;]H\u00e1 melhor maneira de entender e conhecer profundamente um lugar do que pedalando? Nossos tours tem\u00e1ticos o ajudar\u00e3o a descobrir mais [&hellip;]<\/p>\n","protected":false},"author":1,"featured_media":0,"parent":11,"menu_order":0,"comment_status":"closed","ping_status":"closed","template":"","meta":{"footnotes":""},"class_list":["post-698","page","type-page","status-publish","hentry"],"_links":{"self":[{"href":"https:\/\/biketoursuruguay.com\/br\/wp-json\/wp\/v2\/pages\/698","targetHints":{"allow":["GET"]}}],"collection":[{"href":"https:\/\/biketoursuruguay.com\/br\/wp-json\/wp\/v2\/pages"}],"about":[{"href":"https:\/\/biketoursuruguay.com\/br\/wp-json\/wp\/v2\/types\/page"}],"author":[{"embeddable":true,"href":"https:\/\/biketoursuruguay.com\/br\/wp-json\/wp\/v2\/users\/1"}],"replies":[{"embeddable":true,"href":"https:\/\/biketoursuruguay.com\/br\/wp-json\/wp\/v2\/comments?post=698"}],"version-history":[{"count":5,"href":"https:\/\/biketoursuruguay.com\/br\/wp-json\/wp\/v2\/pages\/698\/revisions"}],"predecessor-version":[{"id":6642,"href":"https:\/\/biketoursuruguay.com\/br\/wp-json\/wp\/v2\/pages\/698\/revisions\/6642"}],"up":[{"embeddable":true,"href":"https:\/\/biketoursuruguay.com\/br\/wp-json\/wp\/v2\/pages\/11"}],"wp:attachment":[{"href":"https:\/\/biketoursuruguay.com\/br\/wp-json\/wp\/v2\/media?parent=698"}],"curies":[{"name":"wp","href":"https:\/\/api.w.org\/{rel}","templated":true}]}}