{"id":9,"date":"2016-07-07T01:11:11","date_gmt":"2016-07-07T01:11:11","guid":{"rendered":"http:\/\/new.biketoursuruguay.com\/?page_id=9"},"modified":"2026-04-21T12:56:58","modified_gmt":"2026-04-21T12:56:58","slug":"home","status":"publish","type":"page","link":"https:\/\/biketoursuruguay.com\/br\/","title":{"rendered":"Home"},"content":{"rendered":"[mk_page_section bg_image=&#8221;http:\/\/new.biketoursuruguay.com\/wp-content\/uploads\/2016\/07\/rsz_1img_2179.jpg&#8221; bg_color=&#8221;#b7b7b7&#8243; bg_position=&#8221;center center&#8221; bg_stretch=&#8221;true&#8221; video_loop=&#8221;false&#8221; full_width=&#8221;true&#8221; el_class=&#8221;slider-title&#8221; sidebar=&#8221;sidebar-1&#8243;][vc_column][vc_column_text align=&#8221;center&#8221;]\n<p class=\"slider-text\" style=\"text-align: center;\">Descubra o Uruguai de uma forma diferente e com sustentabilidade<\/p>\n[\/vc_column_text][vc_btn title=&#8221;Veja nossos tours&#8221; style=&#8221;flat&#8221; shape=&#8221;square&#8221; color=&#8221;primary&#8221; size=&#8221;lg&#8221; align=&#8221;center&#8221; link=&#8221;url:http%3A%2F%2Fbiketoursuruguay.com%2Fbr%2Ftours%2F|||&#8221; el_class=&#8221;ver-tours&#8221;][vc_btn title=&#8221;Veja nossos tours&#8221; style=&#8221;flat&#8221; shape=&#8221;square&#8221; color=&#8221;primary&#8221; align=&#8221;center&#8221; link=&#8221;url:http%3A%2F%2Fbiketoursuruguay.com%2Fbr%2Ftours%2F|||&#8221; el_class=&#8221;ver-tours-mobile&#8221;][vc_raw_html]JTNDZGl2JTIwY2xhc3MlM0QlMjJpZGlvbWFzLXNsaWRlciUyMiUzRUxlbmd1YWplJTIwJTJGJTIwTGFuZ3VhZ2UlMjAlMkYlMjBJZGlvbWElM0ElMjAlM0NhJTIwaHJlZiUzRCUyMmh0dHAlM0ElMkYlMkZiaWtldG91cnN1cnVndWF5LmNvbSUyRiUyMiUzRSUzQ2ltZyUyMHN0eWxlJTNEJTIybWFyZ2luLWxlZnQlM0ElMjAwLjVlbSUyMiUyMHNyYyUzRCUyMmh0dHAlM0ElMkYlMkZiaWtldG91cnN1cnVndWF5LmNvbSUyRndwLWNvbnRlbnQlMkZ1cGxvYWRzJTJGMjAxNiUyRjA4JTJGc3BhbmlzaC5naWYlMjIlMjBhbHQlM0QlMjJMb2dvJTIyJTIwd2lkdGglM0QlMjIyMiUyMiUyMGhlaWdodCUzRCUyMjE1JTIyJTNFJTNDJTJGYSUzRSUwQSUzQ2ElMjBocmVmJTNEJTIyaHR0cCUzQSUyRiUyRmJpa2V0b3Vyc3VydWd1YXkuY29tJTJGZW4lMkYlMjIlM0UlM0NpbWclMjBzdHlsZSUzRCUyMm1hcmdpbi1sZWZ0JTNBJTIwMWVtJTIyJTIwc3JjJTNEJTIyaHR0cCUzQSUyRiUyRmJpa2V0b3Vyc3VydWd1YXkuY29tJTJGd3AtY29udGVudCUyRnVwbG9hZHMlMkYyMDE2JTJGMDglMkZ1c2FfZmxhZy5naWYlMjIlMjBhbHQlM0QlMjJMb2dvJTIyJTIwd2lkdGglM0QlMjIyMiUyMiUyMGhlaWdodCUzRCUyMjE1JTIyJTNFJTNDJTJGYSUzRSUwQSUzQ2ElMjBocmVmJTNEJTIyaHR0cCUzQSUyRiUyRmJpa2V0b3Vyc3VydWd1YXkuY29tJTJGYnIlMkYlMjIlM0UlM0NpbWclMjBzdHlsZSUzRCUyMm1hcmdpbi1sZWZ0JTNBJTIwMWVtJTIyJTIwc3JjJTNEJTIyaHR0cCUzQSUyRiUyRmJpa2V0b3Vyc3VydWd1YXkuY29tJTJGd3AtY29udGVudCUyRnVwbG9hZHMlMkYyMDE2JTJGMDglMkZici5wbmclMjIlMjBhbHQlM0QlMjJMb2dvJTIyJTIwd2lkdGglM0QlMjIyMiUyMiUyMGhlaWdodCUzRCUyMjE1JTIyJTNFJTNDJTJGYSUzRSUzQyUyRmRpdiUzRQ==[\/vc_raw_html][vc_raw_html el_class=&#8221;nomostrar&#8221;]JTNDaDElM0VEZXNjdWJyZSUyMG8lMjBVcnVndWF5JTIwZGUlMjB1bWElMjBmb3JtYSUyMGRpZmVyZW50ZSUyMGUlMjBjb20lMjBzdXN0ZW50YWJpbGlkYWRlJTNDJTJGaDElM0U=[\/vc_raw_html][\/vc_column][\/mk_page_section][mk_page_section sidebar=&#8221;sidebar-1&#8243;][vc_column][mk_padding_divider size=&#8221;50&#8243;][vc_column_text]\n<p style=\"text-align: center;\"><span style=\"text-align: center; font-weight: bold; font-size: 40px; color: gray;\">CURTA<\/span><br \/>\n<span style=\"text-align: center; font-weight: bold; font-size: 20px; color: black;\">SEU TEMPO LIVRE<\/span><\/p>\n[\/vc_column_text][vc_column_text]\n<p style=\"text-align: left;\">A melhor maneira de apreciar \u00e0quilo que a natureza e o homem nos proporcionam no Uruguai junto com a relevante infroma\u00e7\u00e3o cultural do percurso. Sem exig\u00eancias f\u00edsicas extremas e com o acompanhamento de um guia, percorrem-se os pontos mais importantes de Punta del Leste, Montevid\u00e9u e outras cidades do Uruguai. <a href=\"\/br\/nosotros\">Mais sobre n\u00f3s&#8230;<\/a><\/p>\n[\/vc_column_text][mk_padding_divider size=&#8221;20&#8243;][\/vc_column][\/mk_page_section][mk_page_section bg_color=&#8221;#f2f2f2&#8243; attachment=&#8221;fixed&#8221; padding_top=&#8221;50&#8243; padding_bottom=&#8221;50&#8243; has_top_shape_divider=&#8221;true&#8221; top_shape_color=&#8221;#ffffff&#8221; has_bottom_shape_divider=&#8221;true&#8221; bottom_shape_color=&#8221;#ffffff&#8221; sidebar=&#8221;sidebar-1&#8243;][vc_column][mk_padding_divider][vc_row_inner][vc_column_inner width=&#8221;5\/6&#8243;][vc_column_text]\n<p style=\"text-align: center;\"><span style=\"text-align: center; font-weight: bold; font-size: 18px; color: black;\">NOSSOS<\/span><span style=\"text-align: center; font-weight: bold; font-size: 35px; color: black;\">TOURS<\/span><\/p>\n[\/vc_column_text][vc_single_image image=&#8221;4359&#8243; img_size=&#8221;129&#215;32&#8243; alignment=&#8221;center&#8221;][\/vc_column_inner][vc_column_inner width=&#8221;1\/6&#8243;][vc_icon icon_fontawesome=&#8221;fa fa-bicycle&#8221; color=&#8221;custom&#8221; size=&#8221;lg&#8221; el_class=&#8221;bicicleta&#8221; custom_color=&#8221;#686868&#8243;][\/vc_column_inner][\/vc_row_inner][vc_row_inner][vc_column_inner][vc_raw_html]JTNDZGl2JTIwY2xhc3MlM0QlMjJjYXRlZ29yaWVzJTIyJTNFJTBBJTA5JTNDZGl2JTIwY2xhc3MlM0QlMjJjYXRlZ29yeSUyMGNhdGVnb3J5LW1vbnRldmlkZW8lMjIlM0UlM0NhJTIwaHJlZiUzRCUyMiUyRmJyJTJGdG91cnMlMkZ0b3Vycy1lbi1tb250ZXZpZGVvJTIyJTNFJTNDZGl2JTIwY2xhc3MlM0QlMjJ0ZXh0LWNhdGVnb3J5JTIyJTNFTW9udGV2aWRlbyUzQ2JyJTNFJTI2bmJzcCUzQiUzQyUyRmRpdiUzRSUzQyUyRmElM0UlM0MlMkZkaXYlM0UlMEElMDklM0NkaXYlMjBjbGFzcyUzRCUyMmNhdGVnb3J5JTIwY2F0ZWdvcnktcHVudGElMjIlM0UlM0NhJTIwaHJlZiUzRCUyMiUyRmJyJTJGdG91cnMlMkZ0b3Vycy1lbi1wdW50YS1kZWwtZXN0ZSUyMiUzRSUzQ2RpdiUyMGNsYXNzJTNEJTIydGV4dC1jYXRlZ29yeSUyMiUzRVB1bnRhJTIwZGVsJTIwRXN0ZSUzQ2JyJTNFJTI2bmJzcCUzQiUzQyUyRmRpdiUzRSUzQyUyRmElM0UlM0MlMkZkaXYlM0UlMEElMDklM0NkaXYlMjBjbGFzcyUzRCUyMmNhdGVnb3J5JTIwY2F0ZWdvcnktbGFyZ28lMjIlM0UlM0NhJTIwaHJlZiUzRCUyMiUyRmJyJTJGdG91cnMlMkZ0b3Vycy1sYXJnb3MlMjIlM0UlM0NkaXYlMjBjbGFzcyUzRCUyMnRleHQtY2F0ZWdvcnklMjIlM0VUb3VycyUzQ2JyJTNFTG9uZ29zJTNDJTJGZGl2JTNFJTNDJTJGYSUzRSUzQyUyRmRpdiUzRSUwQSUwOSUzQ2RpdiUyMGNsYXNzJTNEJTIyY2F0ZWdvcnklMjBjYXRlZ29yeS10ZW1hdGljbyUyMiUzRSUzQ2ElMjBocmVmJTNEJTIyJTJGYnIlMkZ0b3VycyUyRnRvdXJzLXRlbWF0aWNvcyUyMiUzRSUzQ2RpdiUyMGNsYXNzJTNEJTIydGV4dC1jYXRlZ29yeSUyMiUzRVRvdXJzJTNDYnIlM0VUZW0lQzMlQTF0aWNvcyUzQyUyRmRpdiUzRSUzQyUyRmElM0UlM0MlMkZkaXYlM0UlMEElMDklM0NkaXYlMjBjbGFzcyUzRCUyMmNhdGVnb3J5JTIwY2F0ZWdvcnktYWNjZXNpYmxlJTIyJTNFJTNDYSUyMGhyZWYlM0QlMjIlMkZiciUyRnRvdXJzJTJGdHVyaXNtby1hY2Nlc2libGUlMjIlM0UlM0NkaXYlMjBjbGFzcyUzRCUyMnRleHQtY2F0ZWdvcnklMjIlM0VUdXJpc21vJTNDYnIlM0VBY2NlcyVDMyVBRHZlbCUzQyUyRmRpdiUzRSUzQyUyRmElM0UlM0MlMkZkaXYlM0UlMEElM0MlMkZkaXYlM0U=[\/vc_raw_html][\/vc_column_inner][\/vc_row_inner][vc_raw_html]JTNDZGl2JTIwc3R5bGUlM0QlMjJ0ZXh0LWFsaWduJTNBJTIwY2VudGVyJTIyJTNFJTBBJTNDZGl2JTIwc3R5bGUlM0QlMjJtYXJnaW4tbGVmdCUzQSUyMDIwcHglM0IlMjBmb250LXNpemUlM0ElMjAxNXB4JTIyJTNFJTNDc3BhbiUyMHN0eWxlJTNEJTIybWFyZ2luLXJpZ2h0JTNBMTBweCUzQiUyMGZvbnQtc2l6ZSUzQSUyMDE1cHglM0IlMjIlMjBjbGFzcyUzRCUyMnZjX2ljb25fZWxlbWVudC1pY29uJTIwZmElMjBmYS1hcnJvdy1kb3duJTIyJTNFJTNDJTJGc3BhbiUzRSUyMEQlQzMlQUElMjB1bmElMjBvbGhhZGElMjBubyUyMHBhc3NlaW8lMjBQZW4lQzMlQURuc3VsYSUzQyUyRmRpdiUzRSUwQSUzQyUyRmRpdiUzRQ==[\/vc_raw_html][vc_raw_html]JTNDZGl2JTIwY2xhc3MlM0QlMjJ5b3V0dWJlLXBsYXllciUyMiUyMGlkJTNEJTIydmlkZW9ob21lJTIyJTNFJTNDJTJGZGl2JTNF[\/vc_raw_html][vc_raw_js]JTNDc2NyaXB0JTNFJTIwJTBBJTBBdmFyJTIwb2JqJTIwJTNEJTIwJTdCJTIydmlkZW8lMjIlM0ElMjAlN0IlMjJ2YWx1ZSUyMiUzQSUyMCUyMiUzQ2lmcmFtZSUyMHRpdGxlJTNEJTI3WW91VHViZSUyMHZpZGVvJTIwcGxheWVyJTI3JTIwdHlwZSUzRCUyN3RleHQlMkZodG1sJTI3JTIwc3JjJTNEJTI3aHR0cHMlM0ElMkYlMkZ3d3cueW91dHViZS5jb20lMkZlbWJlZCUyRmpPV1Q2cnZBcU5FJTI3JTIwZnJhbWVib3JkZXIlM0QlMjcwJTI3JTIwYWxsb3dGdWxsU2NyZWVuJTNFJTNDJTJGaWZyYW1lJTNFJTIyJTdEJTdEJTBBJTBBalF1ZXJ5JTI4JTIyJTIzdmlkZW9ob21lJTIyJTI5Lmh0bWwlMjhvYmoudmlkZW8udmFsdWUlMjklM0IlMEElMEElM0MlMkZzY3JpcHQlM0U=[\/vc_raw_js][\/vc_column][\/mk_page_section][mk_page_section bg_color=&#8221;#ffffff&#8221; attachment=&#8221;fixed&#8221; sidebar=&#8221;sidebar-1&#8243;][vc_column][mk_padding_divider][vc_row_inner][vc_column_inner width=&#8221;1\/2&#8243;][mk_padding_divider][vc_column_text]\n<p style=\"text-align: center;\"><span style=\"text-align: center; font-weight: bold; font-size: 40px; color: gray;\">O QUE<\/span><br \/>\n<span style=\"text-align: center; font-weight: bold; font-size: 20px; color: black;\">DIZEM SOBRE N\u00d3S<\/span><\/p>\n[\/vc_column_text][mk_testimonials style=&#8221;boxed&#8221; slideshow_speed=&#8221;15000&#8243; el_class=&#8221;testimonios&#8221; testimonials=&#8221;4030, 4034, 4038&#8243;][\/vc_column_inner][vc_column_inner width=&#8221;1\/2&#8243;][vc_raw_html]JTNDZGl2JTIwc3R5bGUlM0QlMjJ0ZXh0LWFsaWduJTNBJTIwY2VudGVyJTNCJTIwbWFyZ2luJTNBJTIwMCUyMGF1dG8lM0IlMjIlM0UlMEElM0NkaXYlMjBjbGFzcyUzRCUyMnJldmlld3MlMjIlM0UlMEElM0NkaXYlMjBpZCUzRCUyMlRBX3NlbGZzZXJ2ZXByb3AxOTklMjIlMjBjbGFzcyUzRCUyMlRBX3NlbGZzZXJ2ZXByb3AlMjIlMjBzdHlsZSUzRCUyMmZsb2F0JTNBJTIwbGVmdCUzQiUyMG1hcmdpbi1ib3R0b20lM0ElMjAxMHB4JTNCJTIyJTNFJTBBJTNDdWwlMjBpZCUzRCUyMlh3Tm1tUFQwbnMlMjIlMjBjbGFzcyUzRCUyMlRBX2xpbmtzJTIwY2hMbURDRWhnNGNMJTIyJTNFJTBBJTIwJTA5JTNDbGklMjBpZCUzRCUyMjFzcWJXN2F3dGJQayUyMiUyMGNsYXNzJTNEJTIydFNYZEMwOVFrUWpHJTIyJTNFJTNDYSUyMGhyZWYlM0QlMjJodHRwcyUzQSUyRiUyRnd3dy50cmlwYWR2aXNvci5jb20lMkYlMjIlMjB0YXJnZXQlM0QlMjJfYmxhbmslMjIlM0UlM0NpbWclMjBzcmMlM0QlMjJodHRwcyUzQSUyRiUyRnd3dy50cmlwYWR2aXNvci5jb20lMkZpbWclMkZjZHNpJTJGaW1nMiUyRmJyYW5kaW5nJTJGMTUwX2xvZ28tMTE5MDAtMi5wbmclMjIlMjBhbHQlM0QlMjJUcmlwQWR2aXNvciUyMiUyMCUyRiUzRSUzQyUyRmElM0UlM0MlMkZsaSUzRSUwQSUzQyUyRnVsJTNFJTBBJTNDJTJGZGl2JTNFJTBBJTNDJTJGZGl2JTNFJTBBJTNDZGl2JTIwY2xhc3MlM0QlMjJjZXJ0aWZpY2F0ZXMlMjIlM0UlMEElM0NkaXYlMjBpZCUzRCUyMmNlcnRpZmljYWRvLXB1bnRhJTIyJTNFJTNDJTJGZGl2JTNFJTBBJTNDZGl2JTIwaWQlM0QlMjJUQV9yYXRlZDMxMSUyMiUyMGNsYXNzJTNEJTIyVEFfcmF0ZWQlMjIlM0UlMEElM0N1bCUyMGlkJTNEJTIyQWVOUHZSWVA0TEslMjIlMjBjbGFzcyUzRCUyMlRBX2xpbmtzJTIwSWF2NFFmSGVOMUUlMjIlM0UlMEElMjAlMDklM0NsaSUyMGlkJTNEJTIyMjJpd0xCJTIyJTIwY2xhc3MlM0QlMjJXZTlOM05Ra0k1JTIyJTNFJTNDYSUyMGhyZWYlM0QlMjJodHRwcyUzQSUyRiUyRnd3dy50cmlwYWR2aXNvci5jb20lMkYlMjIlMjB0YXJnZXQlM0QlMjJfYmxhbmslMjIlM0UlM0NpbWclMjBzcmMlM0QlMjJodHRwcyUzQSUyRiUyRnd3dy50cmlwYWR2aXNvci5jb20lMkZpbWclMkZjZHNpJTJGaW1nMiUyRmJhZGdlcyUyRm9sbGllLTExNDI0LTIuZ2lmJTIyJTIwYWx0JTNEJTIyVHJpcEFkdmlzb3IlMjIlMjAlMkYlM0UlM0MlMkZhJTNFJTNDJTJGbGklM0UlMEElM0MlMkZ1bCUzRSUwQSUzQyUyRmRpdiUzRSUwQSUzQ2RpdiUyMGlkJTNEJTIyVEFfZXhjZWxsZW50OTQ2JTIyJTIwY2xhc3MlM0QlMjJUQV9leGNlbGxlbnQlMjIlM0UlMEElM0N1bCUyMGlkJTNEJTIyaHdPRTZobFlmJTIyJTIwY2xhc3MlM0QlMjJUQV9saW5rcyUyMFRYM3d6aWklMjIlM0UlMEElMjAlMDklM0NsaSUyMGlkJTNEJTIyTkVBYmJYV0hlUXolMjIlMjBjbGFzcyUzRCUyMnpYYUxmbiUyMiUzRSUzQ2ElMjBocmVmJTNEJTIyaHR0cHMlM0ElMkYlMkZ3d3cudHJpcGFkdmlzb3IuY29tJTJGJTIyJTIwdGFyZ2V0JTNEJTIyX2JsYW5rJTIyJTNFJTNDaW1nJTIwaWQlM0QlMjJDRFNXSURFWENMT0dPJTIyJTIwY2xhc3MlM0QlMjJ3aWRFWENJTUclMjIlMjBzcmMlM0QlMjJodHRwcyUzQSUyRiUyRnN0YXRpYy50YWNkbi5jb20lMkZpbWcyJTJGd2lkZ2V0JTJGdHJpcGFkdmlzb3JfbG9nb18xMTV4MTguZ2lmJTIyJTIwYWx0JTNEJTIyVHJpcEFkdmlzb3IlMjIlMjAlMkYlM0UlM0MlMkZhJTNFJTNDJTJGbGklM0UlMEElM0MlMkZ1bCUzRSUwQSUzQyUyRmRpdiUzRSUwQSUzQyUyRmRpdiUzRSUwQSUzQyUyRmRpdiUzRQ==[\/vc_raw_html][\/vc_column_inner][\/vc_row_inner][mk_padding_divider][\/vc_column][\/mk_page_section][mk_page_section bg_color=&#8221;#f2f2f2&#8243; attachment=&#8221;fixed&#8221; padding_bottom=&#8221;20&#8243; top_shape_color=&#8221;#ffffff&#8221; bottom_shape_color=&#8221;#ffffff&#8221; sidebar=&#8221;sidebar-1&#8243;][vc_column width=&#8221;1\/2&#8243;][mk_padding_divider][vc_raw_html]JTNDZGl2JTIwY2xhc3MlM0QlMjJmYi1wYWdlJTIyJTIwZGF0YS1ocmVmJTNEJTIyaHR0cHMlM0ElMkYlMkZ3d3cuZmFjZWJvb2suY29tJTJGQmlrZS1Ub3Vycy1VcnVndWF5LTEyNDA3MTYyNzY1MjY4MyUyMiUyMGRhdGEtdGFicyUzRCUyMnRpbWVsaW5lJTIyJTIwZGF0YS13aWR0aCUzRCUyMjUwMCUyMiUyMGRhdGEtaGVpZ2h0JTNEJTIyNDExJTIyJTIwZGF0YS1zbWFsbC1oZWFkZXIlM0QlMjJmYWxzZSUyMiUyMGRhdGEtYWRhcHQtY29udGFpbmVyLXdpZHRoJTNEJTIydHJ1ZSUyMiUyMGRhdGEtaGlkZS1jb3ZlciUzRCUyMmZhbHNlJTIyJTIwZGF0YS1zaG93LWZhY2VwaWxlJTNEJTIydHJ1ZSUyMiUzRSUwQSUzQ2Jsb2NrcXVvdGUlMjBjbGFzcyUzRCUyMmZiLXhmYm1sLXBhcnNlLWlnbm9yZSUyMiUyMGNpdGUlM0QlMjJodHRwcyUzQSUyRiUyRnd3dy5mYWNlYm9vay5jb20lMkZCaWtlLVRvdXJzLVVydWd1YXktMTI0MDcxNjI3NjUyNjgzJTIyJTNFJTNDYSUyMGhyZWYlM0QlMjJodHRwcyUzQSUyRiUyRnd3dy5mYWNlYm9vay5jb20lMkZCaWtlLVRvdXJzLVVydWd1YXktMTI0MDcxNjI3NjUyNjgzJTIyJTNFQmlrZSUyMFRvdXJzJTIwVXJ1Z3VheSUzQyUyRmElM0UlM0MlMkZibG9ja3F1b3RlJTNFJTBBJTNDJTJGZGl2JTNF[\/vc_raw_html][mk_padding_divider size=&#8221;20&#8243;][\/vc_column][vc_column width=&#8221;1\/2&#8243;][vc_raw_html]JTNDZGl2JTIwc3R5bGUlM0QlMjJwYWRkaW5nLXRvcCUzQSUyMDIwcHglM0IlMjIlM0UlM0MlMkZkaXYlM0U=[\/vc_raw_html][mk_padding_divider size=&#8221;20&#8243;][vc_column_text]\n<div style=\"font-weight: bold; margin-bottom: 0.5em; font-size: 40px; color: gray;\">SIGA-NOS<\/div>\n<div style=\"font-weight: bold; font-size: 20px; color: black;\"><\/div>\n[\/vc_column_text][mk_padding_divider size=&#8221;20&#8243;][mk_social_networks size=&#8221;large&#8221; style=&#8221;square-pointed&#8221; margin=&#8221;10&#8243; border_color=&#8221;rgba(0,0,0,0.4)&#8221; bg_hover_color=&#8221;#1e73be&#8221; icon_color=&#8221;rgba(0,0,0,0.4)&#8221; icon_hover_color=&#8221;#ffffff&#8221; facebook=&#8221;https:\/\/www.facebook.com\/Bike-Tours-Uruguay-124071627652683\/?fref=ts&#8221; twitter=&#8221;https:\/\/twitter.com\/biketourspunta&#8221; instagram=&#8221;https:\/\/www.instagram.com\/biketoursuruguay\/&#8221; el_class=&#8221;social-home&#8221;][mk_padding_divider size=&#8221;20&#8243;][vc_raw_html]JTNDZGl2JTIwY2xhc3MlM0QlMjJsb3ZlLWJpa2UlMjIlMjBzdHlsZSUzRCUyMmxpbmUtaGVpZ2h0JTNBJTIwMTUwJTI1JTNCJTIwcGFkZGluZy1sZWZ0JTNBJTIwMWVtciUyMiUzRUklMjAlM0NzcGFuJTIwc3R5bGUlM0QlMjJjb2xvciUzQSUyMHJlZCUzQiUyMGZvbnQtd2VpZ2h0JTNBJTIwYm9sZCUyMiUyMGNsYXNzJTNEJTIydmNfaWNvbl9lbGVtZW50LWljb24lMjBmYSUyMGZhLWhlYXJ0JTIyJTNFJTNDJTJGc3BhbiUzRSUyMCUzQ3NwYW4lMjBzdHlsZSUzRCUyMmZvbnQtd2VpZ2h0JTNBJTIwYm9sZCUyMiUyMGNsYXNzJTNEJTIydmNfaWNvbl9lbGVtZW50LWljb24lMjBmYSUyMGZhLWJpY3ljbGUlMjIlM0UlM0MlMkZzcGFuJTNFJTIwVG91cnMlMjAlM0NzcGFuJTIwc3R5bGUlM0QlMjJjb2xvciUzQSUyMCUyMzYzQjhGRiUyMiUzRVVydWd1YXklM0MlMkZzcGFuJTNFJTNDJTJGZGl2JTNF[\/vc_raw_html][\/vc_column][\/mk_page_section][vc_row][vc_column][mk_padding_divider][vc_column_text]\n<div style=\"font-weight: bold; margin-bottom: 0.5em; font-size: 20px; color: #5e5e5e;\">POSTS RECENTES<\/div>\n[\/vc_column_text][mk_blog_carousel count=&#8221;4&#8243;][\/vc_column][\/vc_row][vc_row][vc_column][mk_divider style=&#8221;shadow_line&#8221;][mk_padding_divider size=&#8221;20&#8243;][vc_column_text]\n<div style=\"font-weight: bold; margin-bottom: 0.5em; font-size: 35px; color: #5e5e5e; text-align: center;\">MEMBROS<\/div>\n[\/vc_column_text][mk_clients count=&#8221;-1&#8243; cover=&#8221;true&#8221; autoplay=&#8221;false&#8221;][\/vc_column][\/vc_row]\n","protected":false},"excerpt":{"rendered":"<p>[mk_page_section bg_image=&#8221;http:\/\/new.biketoursuruguay.com\/wp-content\/uploads\/2016\/07\/rsz_1img_2179.jpg&#8221; bg_color=&#8221;#b7b7b7&#8243; bg_position=&#8221;center center&#8221; bg_stretch=&#8221;true&#8221; video_loop=&#8221;false&#8221; full_width=&#8221;true&#8221; el_class=&#8221;slider-title&#8221; sidebar=&#8221;sidebar-1&#8243;][vc_column][vc_column_text align=&#8221;center&#8221;] Descubra o Uruguai de uma forma diferente e com sustentabilidade [\/vc_column_text][vc_btn title=&#8221;Veja nossos tours&#8221; style=&#8221;flat&#8221; shape=&#8221;square&#8221; color=&#8221;primary&#8221; size=&#8221;lg&#8221; align=&#8221;center&#8221; link=&#8221;url:http%3A%2F%2Fbiketoursuruguay.com%2Fbr%2Ftours%2F|||&#8221; el_class=&#8221;ver-tours&#8221;][vc_btn title=&#8221;Veja nossos tours&#8221; style=&#8221;flat&#8221; shape=&#8221;square&#8221; color=&#8221;primary&#8221; align=&#8221;center&#8221; link=&#8221;url:http%3A%2F%2Fbiketoursuruguay.com%2Fbr%2Ftours%2F|||&#8221; el_class=&#8221;ver-tours-mobile&#8221;][vc_raw_html]JTNDZGl2JTIwY2xhc3MlM0QlMjJpZGlvbWFzLXNsaWRlciUyMiUzRUxlbmd1YWplJTIwJTJGJTIwTGFuZ3VhZ2UlMjAlMkYlMjBJZGlvbWElM0ElMjAlM0NhJTIwaHJlZiUzRCUyMmh0dHAlM0ElMkYlMkZiaWtldG91cnN1cnVndWF5LmNvbSUyRiUyMiUzRSUzQ2ltZyUyMHN0eWxlJTNEJTIybWFyZ2luLWxlZnQlM0ElMjAwLjVlbSUyMiUyMHNyYyUzRCUyMmh0dHAlM0ElMkYlMkZiaWtldG91cnN1cnVndWF5LmNvbSUyRndwLWNvbnRlbnQlMkZ1cGxvYWRzJTJGMjAxNiUyRjA4JTJGc3BhbmlzaC5naWYlMjIlMjBhbHQlM0QlMjJMb2dvJTIyJTIwd2lkdGglM0QlMjIyMiUyMiUyMGhlaWdodCUzRCUyMjE1JTIyJTNFJTNDJTJGYSUzRSUwQSUzQ2ElMjBocmVmJTNEJTIyaHR0cCUzQSUyRiUyRmJpa2V0b3Vyc3VydWd1YXkuY29tJTJGZW4lMkYlMjIlM0UlM0NpbWclMjBzdHlsZSUzRCUyMm1hcmdpbi1sZWZ0JTNBJTIwMWVtJTIyJTIwc3JjJTNEJTIyaHR0cCUzQSUyRiUyRmJpa2V0b3Vyc3VydWd1YXkuY29tJTJGd3AtY29udGVudCUyRnVwbG9hZHMlMkYyMDE2JTJGMDglMkZ1c2FfZmxhZy5naWYlMjIlMjBhbHQlM0QlMjJMb2dvJTIyJTIwd2lkdGglM0QlMjIyMiUyMiUyMGhlaWdodCUzRCUyMjE1JTIyJTNFJTNDJTJGYSUzRSUwQSUzQ2ElMjBocmVmJTNEJTIyaHR0cCUzQSUyRiUyRmJpa2V0b3Vyc3VydWd1YXkuY29tJTJGYnIlMkYlMjIlM0UlM0NpbWclMjBzdHlsZSUzRCUyMm1hcmdpbi1sZWZ0JTNBJTIwMWVtJTIyJTIwc3JjJTNEJTIyaHR0cCUzQSUyRiUyRmJpa2V0b3Vyc3VydWd1YXkuY29tJTJGd3AtY29udGVudCUyRnVwbG9hZHMlMkYyMDE2JTJGMDglMkZici5wbmclMjIlMjBhbHQlM0QlMjJMb2dvJTIyJTIwd2lkdGglM0QlMjIyMiUyMiUyMGhlaWdodCUzRCUyMjE1JTIyJTNFJTNDJTJGYSUzRSUzQyUyRmRpdiUzRQ==[\/vc_raw_html][vc_raw_html el_class=&#8221;nomostrar&#8221;]JTNDaDElM0VEZXNjdWJyZSUyMG8lMjBVcnVndWF5JTIwZGUlMjB1bWElMjBmb3JtYSUyMGRpZmVyZW50ZSUyMGUlMjBjb20lMjBzdXN0ZW50YWJpbGlkYWRlJTNDJTJGaDElM0U=[\/vc_raw_html][\/vc_column][\/mk_page_section][mk_page_section sidebar=&#8221;sidebar-1&#8243;][vc_column][mk_padding_divider size=&#8221;50&#8243;][vc_column_text] CURTA SEU TEMPO LIVRE [\/vc_column_text][vc_column_text] A melhor maneira de apreciar \u00e0quilo [&hellip;]<\/p>\n","protected":false},"author":1,"featured_media":0,"parent":0,"menu_order":0,"comment_status":"closed","ping_status":"closed","template":"","meta":{"footnotes":""},"class_list":["post-9","page","type-page","status-publish","hentry"],"_links":{"self":[{"href":"https:\/\/biketoursuruguay.com\/br\/wp-json\/wp\/v2\/pages\/9","targetHints":{"allow":["GET"]}}],"collection":[{"href":"https:\/\/biketoursuruguay.com\/br\/wp-json\/wp\/v2\/pages"}],"about":[{"href":"https:\/\/biketoursuruguay.com\/br\/wp-json\/wp\/v2\/types\/page"}],"author":[{"embeddable":true,"href":"https:\/\/biketoursuruguay.com\/br\/wp-json\/wp\/v2\/users\/1"}],"replies":[{"embeddable":true,"href":"https:\/\/biketoursuruguay.com\/br\/wp-json\/wp\/v2\/comments?post=9"}],"version-history":[{"count":5,"href":"https:\/\/biketoursuruguay.com\/br\/wp-json\/wp\/v2\/pages\/9\/revisions"}],"predecessor-version":[{"id":6877,"href":"https:\/\/biketoursuruguay.com\/br\/wp-json\/wp\/v2\/pages\/9\/revisions\/6877"}],"wp:attachment":[{"href":"https:\/\/biketoursuruguay.com\/br\/wp-json\/wp\/v2\/media?parent=9"}],"curies":[{"name":"wp","href":"https:\/\/api.w.org\/{rel}","templated":true}]}}